{"id":1655,"date":"2018-11-07T15:52:56","date_gmt":"2018-11-07T14:52:56","guid":{"rendered":"https:\/\/sucre.plus\/accueil\/"},"modified":"2019-11-25T16:28:05","modified_gmt":"2019-11-25T15:28:05","slug":"accueil","status":"publish","type":"page","link":"https:\/\/sucre.plus\/es\/","title":{"rendered":"Bienvenida"},"content":{"rendered":"\n<blockquote class=\"wp-block-quote is-layout-flow wp-block-quote-is-layout-flow\"><p>SUGAR + es un equipo profesional, reactivo con sacarosa e innovador; reinvent\u00e1ndose avanzando contigo en el mundo del az\u00facar.<\/p><\/blockquote>\n\n\n\n<p>Ofrecemos una gama de az\u00facares para usos espec\u00edficos (SUCRO PHARMA, SUCRO AGRO y SUCRO AGRI) para profesionales, y una gama SUCRO DELICIOUS dirigida al p\u00fablico en general.<\/p>\n\n\n\n<p>La divisi\u00f3n SERVICES SUGAR + ofrece log\u00edstica, almacenamiento, envasado y personalizaci\u00f3n, as\u00ed como el desembalaje, el tamizado y la molienda de sus az\u00facares.<\/p>\n","protected":false},"excerpt":{"rendered":"<p>SUGAR + es un equipo profesional, reactivo con sacarosa e innovador; reinvent\u00e1ndose avanzando contigo en el mundo del az\u00facar. Ofrecemos&#8230;<\/p>\n","protected":false},"author":1,"featured_media":0,"parent":0,"menu_order":0,"comment_status":"closed","ping_status":"closed","template":"","meta":{"_acf_changed":false,"footnotes":""},"class_list":["post-1655","page","type-page","status-publish","hentry"],"acf":[],"yoast_head":"<!-- This site is optimized with the Yoast SEO plugin v25.8 - https:\/\/yoast.com\/wordpress\/plugins\/seo\/ -->\n<title>Sucre+ - La sucro-culture en plus !<\/title>\n<meta name=\"description\" content=\"SUCRE+ , c\u2019est une \u00e9quipe professionnelle, sucro-r\u00e9active et innovante ; qui se r\u00e9invente en avan\u00e7ant avec vous dans le monde du sucre.\" \/>\n<meta name=\"robots\" content=\"index, follow, max-snippet:-1, max-image-preview:large, max-video-preview:-1\" \/>\n<link rel=\"canonical\" href=\"https:\/\/sucre.plus\/es\/\" \/>\n<meta property=\"og:locale\" content=\"es_ES\" \/>\n<meta property=\"og:type\" content=\"article\" \/>\n<meta property=\"og:title\" content=\"Sucre+ - La sucro-culture en plus !\" \/>\n<meta property=\"og:description\" content=\"SUCRE+ , c\u2019est une \u00e9quipe professionnelle, sucro-r\u00e9active et innovante ; qui se r\u00e9invente en avan\u00e7ant avec vous dans le monde du sucre.\" \/>\n<meta property=\"og:url\" content=\"https:\/\/sucre.plus\/es\/\" \/>\n<meta property=\"og:site_name\" content=\"Sucre+\" \/>\n<meta property=\"article:modified_time\" content=\"2019-11-25T15:28:05+00:00\" \/>\n<meta name=\"twitter:card\" content=\"summary_large_image\" \/>\n<script type=\"application\/ld+json\" class=\"yoast-schema-graph\">{\"@context\":\"https:\/\/schema.org\",\"@graph\":[{\"@type\":\"WebPage\",\"@id\":\"https:\/\/sucre.plus\/es\/\",\"url\":\"https:\/\/sucre.plus\/es\/\",\"name\":\"Sucre+ - La sucro-culture en plus !\",\"isPartOf\":{\"@id\":\"https:\/\/sucre.plus\/es\/#website\"},\"datePublished\":\"2018-11-07T14:52:56+00:00\",\"dateModified\":\"2019-11-25T15:28:05+00:00\",\"description\":\"SUCRE+ , c\u2019est une \u00e9quipe professionnelle, sucro-r\u00e9active et innovante ; qui se r\u00e9invente en avan\u00e7ant avec vous dans le monde du sucre.\",\"breadcrumb\":{\"@id\":\"https:\/\/sucre.plus\/es\/#breadcrumb\"},\"inLanguage\":\"es\",\"potentialAction\":[{\"@type\":\"ReadAction\",\"target\":[\"https:\/\/sucre.plus\/es\/\"]}]},{\"@type\":\"BreadcrumbList\",\"@id\":\"https:\/\/sucre.plus\/es\/#breadcrumb\",\"itemListElement\":[{\"@type\":\"ListItem\",\"position\":1,\"name\":\"Accueil\",\"item\":\"https:\/\/sucre.plus\/es\/\"},{\"@type\":\"ListItem\",\"position\":2,\"name\":\"Bienvenida\"}]},{\"@type\":\"WebSite\",\"@id\":\"https:\/\/sucre.plus\/es\/#website\",\"url\":\"https:\/\/sucre.plus\/es\/\",\"name\":\"Sucre+\",\"description\":\"La sucro-culture en plus\",\"potentialAction\":[{\"@type\":\"SearchAction\",\"target\":{\"@type\":\"EntryPoint\",\"urlTemplate\":\"https:\/\/sucre.plus\/es\/?s={search_term_string}\"},\"query-input\":{\"@type\":\"PropertyValueSpecification\",\"valueRequired\":true,\"valueName\":\"search_term_string\"}}],\"inLanguage\":\"es\"}]}<\/script>\n<!-- \/ Yoast SEO plugin. -->","yoast_head_json":{"title":"Sucre+ - La sucro-culture en plus !","description":"SUCRE+ , c\u2019est une \u00e9quipe professionnelle, sucro-r\u00e9active et innovante ; qui se r\u00e9invente en avan\u00e7ant avec vous dans le monde du sucre.","robots":{"index":"index","follow":"follow","max-snippet":"max-snippet:-1","max-image-preview":"max-image-preview:large","max-video-preview":"max-video-preview:-1"},"canonical":"https:\/\/sucre.plus\/es\/","og_locale":"es_ES","og_type":"article","og_title":"Sucre+ - La sucro-culture en plus !","og_description":"SUCRE+ , c\u2019est une \u00e9quipe professionnelle, sucro-r\u00e9active et innovante ; qui se r\u00e9invente en avan\u00e7ant avec vous dans le monde du sucre.","og_url":"https:\/\/sucre.plus\/es\/","og_site_name":"Sucre+","article_modified_time":"2019-11-25T15:28:05+00:00","twitter_card":"summary_large_image","schema":{"@context":"https:\/\/schema.org","@graph":[{"@type":"WebPage","@id":"https:\/\/sucre.plus\/es\/","url":"https:\/\/sucre.plus\/es\/","name":"Sucre+ - La sucro-culture en plus !","isPartOf":{"@id":"https:\/\/sucre.plus\/es\/#website"},"datePublished":"2018-11-07T14:52:56+00:00","dateModified":"2019-11-25T15:28:05+00:00","description":"SUCRE+ , c\u2019est une \u00e9quipe professionnelle, sucro-r\u00e9active et innovante ; qui se r\u00e9invente en avan\u00e7ant avec vous dans le monde du sucre.","breadcrumb":{"@id":"https:\/\/sucre.plus\/es\/#breadcrumb"},"inLanguage":"es","potentialAction":[{"@type":"ReadAction","target":["https:\/\/sucre.plus\/es\/"]}]},{"@type":"BreadcrumbList","@id":"https:\/\/sucre.plus\/es\/#breadcrumb","itemListElement":[{"@type":"ListItem","position":1,"name":"Accueil","item":"https:\/\/sucre.plus\/es\/"},{"@type":"ListItem","position":2,"name":"Bienvenida"}]},{"@type":"WebSite","@id":"https:\/\/sucre.plus\/es\/#website","url":"https:\/\/sucre.plus\/es\/","name":"Sucre+","description":"La sucro-culture en plus","potentialAction":[{"@type":"SearchAction","target":{"@type":"EntryPoint","urlTemplate":"https:\/\/sucre.plus\/es\/?s={search_term_string}"},"query-input":{"@type":"PropertyValueSpecification","valueRequired":true,"valueName":"search_term_string"}}],"inLanguage":"es"}]}},"publishpress_future_workflow_manual_trigger":{"enabledWorkflows":[]},"_links":{"self":[{"href":"https:\/\/sucre.plus\/es\/wp-json\/wp\/v2\/pages\/1655","targetHints":{"allow":["GET"]}}],"collection":[{"href":"https:\/\/sucre.plus\/es\/wp-json\/wp\/v2\/pages"}],"about":[{"href":"https:\/\/sucre.plus\/es\/wp-json\/wp\/v2\/types\/page"}],"author":[{"embeddable":true,"href":"https:\/\/sucre.plus\/es\/wp-json\/wp\/v2\/users\/1"}],"replies":[{"embeddable":true,"href":"https:\/\/sucre.plus\/es\/wp-json\/wp\/v2\/comments?post=1655"}],"version-history":[{"count":3,"href":"https:\/\/sucre.plus\/es\/wp-json\/wp\/v2\/pages\/1655\/revisions"}],"predecessor-version":[{"id":1658,"href":"https:\/\/sucre.plus\/es\/wp-json\/wp\/v2\/pages\/1655\/revisions\/1658"}],"wp:attachment":[{"href":"https:\/\/sucre.plus\/es\/wp-json\/wp\/v2\/media?parent=1655"}],"curies":[{"name":"wp","href":"https:\/\/api.w.org\/{rel}","templated":true}]}}