{"id":1596,"date":"2018-11-09T09:46:44","date_gmt":"2018-11-09T08:46:44","guid":{"rendered":"https:\/\/sucre.plus\/mentions-legales\/"},"modified":"2019-11-25T15:49:56","modified_gmt":"2019-11-25T14:49:56","slug":"notas-legales","status":"publish","type":"page","link":"https:\/\/sucre.plus\/es\/notas-legales\/","title":{"rendered":"Notas legales"},"content":{"rendered":"<h2>Editeur :<\/h2>\n<p>Sucre +<\/p>\n<p>Si\u00e8ge social : Cestas- France<\/p>\n<p>SIRET : 303285084<br \/>\nRCS : B303285084<br \/>\nNum\u00e9ro TVA intracommunautaire :FR17303285084<\/p>\n<p>Forme juridique : SAS<br \/>\nContact : Chemin d&#8217;Auguste &#8211; 33610 CESTAS- FRANCE<\/p>\n<h2>H\u00e9bergement :<\/h2>\n<p>SAS OVH<br \/>\n2 rue Kellermann<br \/>\n59100 Roubaix &#8211;\u00a0France<br \/>\nRCS : Grenoble B 451 878 128<\/p>\n<h2>Conception et d\u00e9veloppement :<\/h2>\n<p><strong>Aggelos<\/strong><br \/>\n21 Rue Grateloup, 33800 Bordeaux \u2013 France<br \/>\n11 Cours Lemercier, 17100 Saintes \u2013 France<br \/>\n<a href=\"http:\/\/www.aggelos.fr\" target=\"_blank\" rel=\"noopener noreferrer\">www.aggelos.fr<\/a><br \/>\n<a href=\"mailto:aggelos@aggelos.fr\">aggelos@aggelos.fr<\/a><\/p>\n<p>&nbsp;<\/p>\n<p><strong>Directeur de publication :<\/strong><\/p>\n<p><strong>Propri\u00e9t\u00e9 intellectuelle et contrefa\u00e7on<\/strong><br \/>\nSucre+ est propri\u00e9taire des droits de propri\u00e9t\u00e9 intellectuelle ou d\u00e9tient les droits d\u2019usage sur tous les \u00e9l\u00e9ments accessibles sur le site, notamment les textes, images, graphismes, logo, ic\u00f4nes, sons, logiciels.<br \/>\nToute reproduction, repr\u00e9sentation, modification, publication, adaptation de tout ou partie des \u00e9l\u00e9ments du site, quel que soit le moyen ou le proc\u00e9d\u00e9 utilis\u00e9, est interdite, sauf autorisation \u00e9crite pr\u00e9alable de Sucre+.<br \/>\nToute exploitation non autoris\u00e9e du site ou de l\u2019un quelconque des \u00e9l\u00e9ments qu\u2019il contient sera consid\u00e9r\u00e9e comme constitutive d\u2019une contrefa\u00e7on et poursuivie conform\u00e9ment aux dispositions des articles L.335-2 et suivants du Code de Propri\u00e9t\u00e9 Intellectuelle.<\/p>\n<p>&nbsp;<\/p>\n","protected":false},"excerpt":{"rendered":"<p>Editeur : Sucre + Si\u00e8ge social : Cestas- France SIRET : 303285084 RCS : B303285084 Num\u00e9ro TVA intracommunautaire :FR17303285084 Forme&#8230;<\/p>\n","protected":false},"author":1,"featured_media":0,"parent":0,"menu_order":0,"comment_status":"closed","ping_status":"closed","template":"","meta":{"_acf_changed":false,"footnotes":""},"class_list":["post-1596","page","type-page","status-publish","hentry"],"acf":[],"yoast_head":"<!-- This site is optimized with the Yoast SEO plugin v25.8 - https:\/\/yoast.com\/wordpress\/plugins\/seo\/ -->\n<title>Notas legales | Sucre+<\/title>\n<meta name=\"robots\" content=\"index, follow, max-snippet:-1, max-image-preview:large, max-video-preview:-1\" \/>\n<link rel=\"canonical\" href=\"https:\/\/sucre.plus\/es\/notas-legales\/\" \/>\n<meta property=\"og:locale\" content=\"es_ES\" \/>\n<meta property=\"og:type\" content=\"article\" \/>\n<meta property=\"og:title\" content=\"Notas legales | Sucre+\" \/>\n<meta property=\"og:description\" content=\"Editeur : Sucre + Si\u00e8ge social : Cestas- France SIRET : 303285084 RCS : B303285084 Num\u00e9ro TVA intracommunautaire :FR17303285084 Forme...\" \/>\n<meta property=\"og:url\" content=\"https:\/\/sucre.plus\/es\/notas-legales\/\" \/>\n<meta property=\"og:site_name\" content=\"Sucre+\" \/>\n<meta property=\"article:modified_time\" content=\"2019-11-25T14:49:56+00:00\" \/>\n<meta name=\"twitter:card\" content=\"summary_large_image\" \/>\n<meta name=\"twitter:label1\" content=\"Tiempo de lectura\" \/>\n\t<meta name=\"twitter:data1\" content=\"1 minuto\" \/>\n<script type=\"application\/ld+json\" class=\"yoast-schema-graph\">{\"@context\":\"https:\/\/schema.org\",\"@graph\":[{\"@type\":\"WebPage\",\"@id\":\"https:\/\/sucre.plus\/es\/notas-legales\/\",\"url\":\"https:\/\/sucre.plus\/es\/notas-legales\/\",\"name\":\"Notas legales | Sucre+\",\"isPartOf\":{\"@id\":\"https:\/\/sucre.plus\/es\/#website\"},\"datePublished\":\"2018-11-09T08:46:44+00:00\",\"dateModified\":\"2019-11-25T14:49:56+00:00\",\"breadcrumb\":{\"@id\":\"https:\/\/sucre.plus\/es\/notas-legales\/#breadcrumb\"},\"inLanguage\":\"es\",\"potentialAction\":[{\"@type\":\"ReadAction\",\"target\":[\"https:\/\/sucre.plus\/es\/notas-legales\/\"]}]},{\"@type\":\"BreadcrumbList\",\"@id\":\"https:\/\/sucre.plus\/es\/notas-legales\/#breadcrumb\",\"itemListElement\":[{\"@type\":\"ListItem\",\"position\":1,\"name\":\"Accueil\",\"item\":\"https:\/\/sucre.plus\/es\/\"},{\"@type\":\"ListItem\",\"position\":2,\"name\":\"Notas legales\"}]},{\"@type\":\"WebSite\",\"@id\":\"https:\/\/sucre.plus\/es\/#website\",\"url\":\"https:\/\/sucre.plus\/es\/\",\"name\":\"Sucre+\",\"description\":\"La sucro-culture en plus\",\"potentialAction\":[{\"@type\":\"SearchAction\",\"target\":{\"@type\":\"EntryPoint\",\"urlTemplate\":\"https:\/\/sucre.plus\/es\/?s={search_term_string}\"},\"query-input\":{\"@type\":\"PropertyValueSpecification\",\"valueRequired\":true,\"valueName\":\"search_term_string\"}}],\"inLanguage\":\"es\"}]}<\/script>\n<!-- \/ Yoast SEO plugin. -->","yoast_head_json":{"title":"Notas legales | Sucre+","robots":{"index":"index","follow":"follow","max-snippet":"max-snippet:-1","max-image-preview":"max-image-preview:large","max-video-preview":"max-video-preview:-1"},"canonical":"https:\/\/sucre.plus\/es\/notas-legales\/","og_locale":"es_ES","og_type":"article","og_title":"Notas legales | Sucre+","og_description":"Editeur : Sucre + Si\u00e8ge social : Cestas- France SIRET : 303285084 RCS : B303285084 Num\u00e9ro TVA intracommunautaire :FR17303285084 Forme...","og_url":"https:\/\/sucre.plus\/es\/notas-legales\/","og_site_name":"Sucre+","article_modified_time":"2019-11-25T14:49:56+00:00","twitter_card":"summary_large_image","twitter_misc":{"Tiempo de lectura":"1 minuto"},"schema":{"@context":"https:\/\/schema.org","@graph":[{"@type":"WebPage","@id":"https:\/\/sucre.plus\/es\/notas-legales\/","url":"https:\/\/sucre.plus\/es\/notas-legales\/","name":"Notas legales | Sucre+","isPartOf":{"@id":"https:\/\/sucre.plus\/es\/#website"},"datePublished":"2018-11-09T08:46:44+00:00","dateModified":"2019-11-25T14:49:56+00:00","breadcrumb":{"@id":"https:\/\/sucre.plus\/es\/notas-legales\/#breadcrumb"},"inLanguage":"es","potentialAction":[{"@type":"ReadAction","target":["https:\/\/sucre.plus\/es\/notas-legales\/"]}]},{"@type":"BreadcrumbList","@id":"https:\/\/sucre.plus\/es\/notas-legales\/#breadcrumb","itemListElement":[{"@type":"ListItem","position":1,"name":"Accueil","item":"https:\/\/sucre.plus\/es\/"},{"@type":"ListItem","position":2,"name":"Notas legales"}]},{"@type":"WebSite","@id":"https:\/\/sucre.plus\/es\/#website","url":"https:\/\/sucre.plus\/es\/","name":"Sucre+","description":"La sucro-culture en plus","potentialAction":[{"@type":"SearchAction","target":{"@type":"EntryPoint","urlTemplate":"https:\/\/sucre.plus\/es\/?s={search_term_string}"},"query-input":{"@type":"PropertyValueSpecification","valueRequired":true,"valueName":"search_term_string"}}],"inLanguage":"es"}]}},"publishpress_future_workflow_manual_trigger":{"enabledWorkflows":[]},"_links":{"self":[{"href":"https:\/\/sucre.plus\/es\/wp-json\/wp\/v2\/pages\/1596","targetHints":{"allow":["GET"]}}],"collection":[{"href":"https:\/\/sucre.plus\/es\/wp-json\/wp\/v2\/pages"}],"about":[{"href":"https:\/\/sucre.plus\/es\/wp-json\/wp\/v2\/types\/page"}],"author":[{"embeddable":true,"href":"https:\/\/sucre.plus\/es\/wp-json\/wp\/v2\/users\/1"}],"replies":[{"embeddable":true,"href":"https:\/\/sucre.plus\/es\/wp-json\/wp\/v2\/comments?post=1596"}],"version-history":[{"count":1,"href":"https:\/\/sucre.plus\/es\/wp-json\/wp\/v2\/pages\/1596\/revisions"}],"predecessor-version":[{"id":1627,"href":"https:\/\/sucre.plus\/es\/wp-json\/wp\/v2\/pages\/1596\/revisions\/1627"}],"wp:attachment":[{"href":"https:\/\/sucre.plus\/es\/wp-json\/wp\/v2\/media?parent=1596"}],"curies":[{"name":"wp","href":"https:\/\/api.w.org\/{rel}","templated":true}]}}