{"id":1592,"date":"2018-11-07T16:07:44","date_gmt":"2018-11-07T15:07:44","guid":{"rendered":"https:\/\/sucre.plus\/contact\/"},"modified":"2019-11-25T15:57:08","modified_gmt":"2019-11-25T14:57:08","slug":"contacto","status":"publish","type":"page","link":"https:\/\/sucre.plus\/es\/contacto\/","title":{"rendered":"Contacto"},"content":{"rendered":"<div class=\"frm_forms  with_frm_style frm_style_style-formidable\" id=\"frm_form_3_container\" data-token=\"99cca7edef82408530682510e316b079\">\n<form enctype=\"multipart\/form-data\" method=\"post\" class=\"frm-show-form  frm_js_validate  frm_ajax_submit  frm_pro_form \" id=\"form_vx3eq\" data-token=\"99cca7edef82408530682510e316b079\">\n<div class=\"frm_form_fields \">\n<fieldset>\n<legend class=\"frm_screen_reader\">Formulaire de contact<\/legend>\r\n\r\n<div class=\"frm_fields_container\">\n<input type=\"hidden\" name=\"frm_action\" value=\"create\" \/>\n<input type=\"hidden\" name=\"form_id\" value=\"3\" \/>\n<input type=\"hidden\" name=\"frm_hide_fields_3\" id=\"frm_hide_fields_3\" value=\"\" \/>\n<input type=\"hidden\" name=\"form_key\" value=\"vx3eq\" \/>\n<input type=\"hidden\" name=\"item_meta[0]\" value=\"\" \/>\n<input type=\"hidden\" id=\"frm_submit_entry_3\" name=\"frm_submit_entry_3\" value=\"b04766729e\" \/><input type=\"hidden\" name=\"_wp_http_referer\" value=\"\/es\/wp-json\/wp\/v2\/pages\/1592\" \/><div id=\"frm_field_11_container\" class=\"frm_form_field form-field  frm_required_field frm_top_container frm6 frm_first\">\r\n    <label for=\"field_zn2hj\" class=\"frm_primary_label\">Pr\u00e9nom\r\n        <span class=\"frm_required\">*<\/span>\r\n    <\/label>\r\n    <input  type=\"text\" id=\"field_zn2hj\" name=\"item_meta[11]\" value=\"\"  data-reqmsg=\"Ce champ ne peut pas \u00eatre vide\" aria-required=\"true\" data-invmsg=\"texte est non valide\" aria-invalid=\"false\"   \/>\r\n    \r\n    \r\n<\/div>\n<div id=\"frm_field_12_container\" class=\"frm_form_field form-field  frm_required_field frm_top_container frm6\">\r\n    <label for=\"field_jcr55\" class=\"frm_primary_label\">Nom\r\n        <span class=\"frm_required\">*<\/span>\r\n    <\/label>\r\n    <input  type=\"text\" id=\"field_jcr55\" name=\"item_meta[12]\" value=\"\"  data-reqmsg=\"Ce champ ne peut pas \u00eatre vide\" aria-required=\"true\" data-invmsg=\"texte est non valide\" aria-invalid=\"false\"   \/>\r\n    \r\n    \r\n<\/div>\n<div id=\"frm_field_72_container\" class=\"frm_form_field form-field  frm_required_field frm_top_container\">\r\n    <label for=\"field_mco0l\" class=\"frm_primary_label\">Entreprise\r\n        <span class=\"frm_required\">*<\/span>\r\n    <\/label>\r\n    <input  type=\"text\" id=\"field_mco0l\" name=\"item_meta[72]\" value=\"\"  data-reqmsg=\"Ce champ ne peut pas \u00eatre vide\" aria-required=\"true\" data-invmsg=\"texte est non valide\" aria-invalid=\"false\"   \/>\r\n    \r\n    \r\n<\/div>\n<div id=\"frm_field_78_container\" class=\"frm_form_field form-field  frm_top_container\">\r\n    <label for=\"field_adewl\" class=\"frm_primary_label\">Adresse\r\n        <span class=\"frm_required\"><\/span>\r\n    <\/label>\r\n    <input  type=\"text\" id=\"field_adewl\" name=\"item_meta[78]\" value=\"\"  data-invmsg=\"texte est non valide\" aria-invalid=\"false\"   \/>\r\n    \r\n    \r\n<\/div>\n<div id=\"frm_field_152_container\" class=\"frm_form_field form-field  frm_required_field frm_top_container\">\r\n    <label for=\"field_rta0\" class=\"frm_primary_label\">Code postal\r\n        <span class=\"frm_required\">*<\/span>\r\n    <\/label>\r\n    <input type=\"number\" id=\"field_rta0\" name=\"item_meta[152]\" value=\"\" data-reqmsg=\"Ce champ ne peut pas \u00eatre vide\" aria-required=\"true\" data-invmsg=\"texte est non valide\" aria-invalid=\"false\"   min=\"0\" max=\"9999999\" step=\"1\" \/>\r\n    \r\n    \r\n<\/div>\n<div id=\"frm_field_153_container\" class=\"frm_form_field form-field  frm_required_field frm_top_container\">\r\n    <label for=\"field_cy51t\" class=\"frm_primary_label\">Pays\r\n        <span class=\"frm_required\">*<\/span>\r\n    <\/label>\r\n    <input  type=\"text\" id=\"field_cy51t\" name=\"item_meta[153]\" value=\"\"  data-reqmsg=\"Ce champ ne peut pas \u00eatre vide\" aria-required=\"true\" data-invmsg=\"texte est non valide\" aria-invalid=\"false\"   \/>\r\n    \r\n    \r\n<\/div>\n<div id=\"frm_field_77_container\" class=\"frm_form_field form-field  frm_top_container\">\r\n    <label for=\"field_hhsek\" class=\"frm_primary_label\">Tel\u00e9phone\r\n        <span class=\"frm_required\"><\/span>\r\n    <\/label>\r\n    <input type=\"tel\" id=\"field_hhsek\" name=\"item_meta[77]\" value=\"\"  data-invmsg=\"texte est non valide\" aria-invalid=\"false\" pattern=\"((\\+\\d{1,3}(-|.| )?\\(?\\d\\)?(-| |.)?\\d{1,5})|(\\(?\\d{2,6}\\)?))(-|.| )?(\\d{3,4})(-|.| )?(\\d{4})(( x| ext)\\d{1,5}){0,1}$\"  \/>\r\n    \r\n    \r\n<\/div>\n<div id=\"frm_field_76_container\" class=\"frm_form_field form-field  frm_required_field frm_top_container\">\r\n    <label for=\"field_iz5i\" class=\"frm_primary_label\">N\u00b0 SIREN\r\n        <span class=\"frm_required\">*<\/span>\r\n    <\/label>\r\n    <input  type=\"text\" id=\"field_iz5i\" name=\"item_meta[76]\" value=\"\"  data-reqmsg=\"Ce champ ne peut pas \u00eatre vide\" aria-required=\"true\" data-invmsg=\"texte est non valide\" aria-invalid=\"false\"   \/>\r\n    \r\n    \r\n<\/div>\n<div id=\"frm_field_154_container\" class=\"frm_form_field form-field  frm_top_container\">\r\n    <label for=\"field_77rzp\" class=\"frm_primary_label\">Fonction\r\n        <span class=\"frm_required\"><\/span>\r\n    <\/label>\r\n    <input  type=\"text\" id=\"field_77rzp\" name=\"item_meta[154]\" value=\"\"  data-invmsg=\"texte est non valide\" aria-invalid=\"false\"   \/>\r\n    \r\n    \r\n<\/div>\n<div id=\"frm_field_13_container\" class=\"frm_form_field form-field  frm_required_field frm_top_container\">\r\n    <label for=\"field_55e9w\" class=\"frm_primary_label\">E-mail\r\n        <span class=\"frm_required\">*<\/span>\r\n    <\/label>\r\n    <input type=\"email\" id=\"field_55e9w\" name=\"item_meta[13]\" value=\"\"  data-reqmsg=\"Ce champ ne peut pas \u00eatre vide\" aria-required=\"true\" data-invmsg=\"E-mail est non valide\" aria-invalid=\"false\"  \/>\r\n    \r\n    \r\n<\/div>\n<div id=\"frm_field_73_container\" class=\"frm_form_field form-field  frm_required_field frm_top_container vertical_radio\">\r\n    <label for=\"field_oa92d\" class=\"frm_primary_label\">Vous \u00eates int\u00e9r\u00e9ss\u00e9 par\r\n        <span class=\"frm_required\">*<\/span>\r\n    <\/label>\r\n    <div class=\"frm_opt_container\">\t\t<div class=\"frm_checkbox\" id=\"frm_checkbox_73-0\">\t\t\t<label  for=\"field_oa92d-0\">\n\t\t\t<input type=\"checkbox\" name=\"item_meta[73][]\" id=\"field_oa92d-0\" value=\"Sucres conventionnels\"  data-reqmsg=\"Ce champ ne peut pas \u00eatre vide\" data-invmsg=\"Vous \u00eates int\u00e9r\u00e9ss\u00e9 par est non valide\" aria-invalid=\"false\"   aria-required=\"true\"  \/> Sucres conventionnels<\/label><\/div>\n\t\t<div class=\"frm_checkbox\" id=\"frm_checkbox_73-1\">\t\t\t<label  for=\"field_oa92d-1\">\n\t\t\t<input type=\"checkbox\" name=\"item_meta[73][]\" id=\"field_oa92d-1\" value=\"Sucres bio\"  data-reqmsg=\"Ce champ ne peut pas \u00eatre vide\" data-invmsg=\"Vous \u00eates int\u00e9r\u00e9ss\u00e9 par est non valide\" aria-invalid=\"false\"   \/> Sucres bio<\/label><\/div>\n\t\t<div class=\"frm_checkbox\" id=\"frm_checkbox_73-2\">\t\t\t<label  for=\"field_oa92d-2\">\n\t\t\t<input type=\"checkbox\" name=\"item_meta[73][]\" id=\"field_oa92d-2\" value=\"Sucres issus du commerce equitable\"  data-reqmsg=\"Ce champ ne peut pas \u00eatre vide\" data-invmsg=\"Vous \u00eates int\u00e9r\u00e9ss\u00e9 par est non valide\" aria-invalid=\"false\"   \/> Sucres issus du commerce equitable<\/label><\/div>\n<\/div>\r\n    \r\n    \r\n<\/div>\n<div id=\"frm_field_74_container\" class=\"frm_form_field form-field  frm_required_field frm_top_container\">\r\n    <label for=\"field_byc31\" class=\"frm_primary_label\">Message\r\n        <span class=\"frm_required\">*<\/span>\r\n    <\/label>\r\n    <textarea name=\"item_meta[74]\" id=\"field_byc31\" rows=\"5\"  data-reqmsg=\"Ce champ ne peut pas \u00eatre vide\" aria-required=\"true\" data-invmsg=\"Message est non valide\" aria-invalid=\"false\"  ><\/textarea>\r\n    \r\n    \r\n<\/div>\n<div id=\"frm_field_148_container\" class=\"frm_form_field form-field  frm_required_field frm_top_container vertical_radio\">\r\n    <label for=\"field_k485n\" class=\"frm_primary_label\">Consentement explicite\r\n        <span class=\"frm_required\">*<\/span>\r\n    <\/label>\r\n    <div class=\"frm_opt_container\">\t\t<div class=\"frm_checkbox\" id=\"frm_checkbox_148-0\">\t\t\t<label  for=\"field_k485n-0\">\n\t\t\t<input type=\"checkbox\" name=\"item_meta[148][]\" id=\"field_k485n-0\" value=\"En soumettant ce formulaire, j&#039;accepte que les donn\u00e9es personnelles saisies soient utilis\u00e9es dans le cadre de ma demande d&#039;information.\"  data-reqmsg=\"Ce champ ne peut pas \u00eatre vide\" data-invmsg=\"Consentement explicite est non valide\" aria-invalid=\"false\"   aria-required=\"true\"  \/> En soumettant ce formulaire, j'accepte que les donn\u00e9es personnelles saisies soient utilis\u00e9es dans le cadre de ma demande d'information.<\/label><\/div>\n<\/div>\r\n    \r\n    \r\n<\/div>\n<div id=\"frm_field_158_container\" class=\"frm_form_field form-field  frm_none_container\">\n\t<label for=\"g-recaptcha-response\" id=\"field_1mhnf_label\" class=\"frm_primary_label\">Captcha\n\t\t<span class=\"frm_required\" aria-hidden=\"true\"><\/span>\n\t<\/label>\n\t<div  id=\"field_1mhnf\" class=\"g-recaptcha\" data-sitekey=\"6Lc2lJ0UAAAAAO7aPxzBlehV_GdXMl6VQ8QgADc-\" data-size=\"invisible\" data-theme=\"light\" data-callback=\"frmAfterRecaptcha\"><\/div>\n\t\n\t\n<\/div>\n<div id=\"frm_field_156_container\" class=\"frm_form_field form-field \">\n\t<div class=\"frm_submit\">\r\n\r\n<button class=\"frm_button_submit frm_final_submit\" type=\"submit\"   formnovalidate=\"formnovalidate\">Envoyer<\/button>\r\n\r\n<\/div>\n<\/div>\n\t<input type=\"hidden\" name=\"item_key\" value=\"\" \/>\n\t\t\t<div id=\"frm_field_159_container\">\n\t\t\t<label for=\"field_281j4\" >\n\t\t\t\tSi eres humano, deja este campo en blanco.\t\t\t<\/label>\n\t\t\t<input  id=\"field_281j4\" type=\"text\" class=\"frm_form_field form-field frm_verify\" name=\"item_meta[159]\" value=\"\"  \/>\n\t\t<\/div>\n\t\t<input name=\"frm_state\" type=\"hidden\" value=\"jJf7+voNpXzk\/xRlosiiAgNN+P4fnQ04m7\/jLJbXqyQH0tXoV+SuTzZWnYob5UgV\" \/><\/div>\n<\/fieldset>\n<\/div>\n\n<\/form>\n<\/div>\n\n","protected":false},"excerpt":{"rendered":"","protected":false},"author":1,"featured_media":0,"parent":0,"menu_order":0,"comment_status":"closed","ping_status":"closed","template":"","meta":{"_acf_changed":false,"footnotes":""},"class_list":["post-1592","page","type-page","status-publish","hentry"],"acf":[],"yoast_head":"<!-- This site is optimized with the Yoast SEO plugin v25.8 - https:\/\/yoast.com\/wordpress\/plugins\/seo\/ -->\n<title>Contacto | Sucre+<\/title>\n<meta name=\"robots\" content=\"index, follow, max-snippet:-1, max-image-preview:large, max-video-preview:-1\" \/>\n<link rel=\"canonical\" href=\"https:\/\/sucre.plus\/es\/contacto\/\" \/>\n<meta property=\"og:locale\" content=\"es_ES\" \/>\n<meta property=\"og:type\" content=\"article\" \/>\n<meta property=\"og:title\" content=\"Contacto | Sucre+\" \/>\n<meta property=\"og:url\" content=\"https:\/\/sucre.plus\/es\/contacto\/\" \/>\n<meta property=\"og:site_name\" content=\"Sucre+\" \/>\n<meta property=\"article:modified_time\" content=\"2019-11-25T14:57:08+00:00\" \/>\n<meta name=\"twitter:card\" content=\"summary_large_image\" \/>\n<script type=\"application\/ld+json\" class=\"yoast-schema-graph\">{\"@context\":\"https:\/\/schema.org\",\"@graph\":[{\"@type\":\"WebPage\",\"@id\":\"https:\/\/sucre.plus\/es\/contacto\/\",\"url\":\"https:\/\/sucre.plus\/es\/contacto\/\",\"name\":\"Contacto | Sucre+\",\"isPartOf\":{\"@id\":\"https:\/\/sucre.plus\/es\/#website\"},\"datePublished\":\"2018-11-07T15:07:44+00:00\",\"dateModified\":\"2019-11-25T14:57:08+00:00\",\"breadcrumb\":{\"@id\":\"https:\/\/sucre.plus\/es\/contacto\/#breadcrumb\"},\"inLanguage\":\"es\",\"potentialAction\":[{\"@type\":\"ReadAction\",\"target\":[\"https:\/\/sucre.plus\/es\/contacto\/\"]}]},{\"@type\":\"BreadcrumbList\",\"@id\":\"https:\/\/sucre.plus\/es\/contacto\/#breadcrumb\",\"itemListElement\":[{\"@type\":\"ListItem\",\"position\":1,\"name\":\"Accueil\",\"item\":\"https:\/\/sucre.plus\/es\/\"},{\"@type\":\"ListItem\",\"position\":2,\"name\":\"Contacto\"}]},{\"@type\":\"WebSite\",\"@id\":\"https:\/\/sucre.plus\/es\/#website\",\"url\":\"https:\/\/sucre.plus\/es\/\",\"name\":\"Sucre+\",\"description\":\"La sucro-culture en plus\",\"potentialAction\":[{\"@type\":\"SearchAction\",\"target\":{\"@type\":\"EntryPoint\",\"urlTemplate\":\"https:\/\/sucre.plus\/es\/?s={search_term_string}\"},\"query-input\":{\"@type\":\"PropertyValueSpecification\",\"valueRequired\":true,\"valueName\":\"search_term_string\"}}],\"inLanguage\":\"es\"}]}<\/script>\n<!-- \/ Yoast SEO plugin. -->","yoast_head_json":{"title":"Contacto | Sucre+","robots":{"index":"index","follow":"follow","max-snippet":"max-snippet:-1","max-image-preview":"max-image-preview:large","max-video-preview":"max-video-preview:-1"},"canonical":"https:\/\/sucre.plus\/es\/contacto\/","og_locale":"es_ES","og_type":"article","og_title":"Contacto | Sucre+","og_url":"https:\/\/sucre.plus\/es\/contacto\/","og_site_name":"Sucre+","article_modified_time":"2019-11-25T14:57:08+00:00","twitter_card":"summary_large_image","schema":{"@context":"https:\/\/schema.org","@graph":[{"@type":"WebPage","@id":"https:\/\/sucre.plus\/es\/contacto\/","url":"https:\/\/sucre.plus\/es\/contacto\/","name":"Contacto | Sucre+","isPartOf":{"@id":"https:\/\/sucre.plus\/es\/#website"},"datePublished":"2018-11-07T15:07:44+00:00","dateModified":"2019-11-25T14:57:08+00:00","breadcrumb":{"@id":"https:\/\/sucre.plus\/es\/contacto\/#breadcrumb"},"inLanguage":"es","potentialAction":[{"@type":"ReadAction","target":["https:\/\/sucre.plus\/es\/contacto\/"]}]},{"@type":"BreadcrumbList","@id":"https:\/\/sucre.plus\/es\/contacto\/#breadcrumb","itemListElement":[{"@type":"ListItem","position":1,"name":"Accueil","item":"https:\/\/sucre.plus\/es\/"},{"@type":"ListItem","position":2,"name":"Contacto"}]},{"@type":"WebSite","@id":"https:\/\/sucre.plus\/es\/#website","url":"https:\/\/sucre.plus\/es\/","name":"Sucre+","description":"La sucro-culture en plus","potentialAction":[{"@type":"SearchAction","target":{"@type":"EntryPoint","urlTemplate":"https:\/\/sucre.plus\/es\/?s={search_term_string}"},"query-input":{"@type":"PropertyValueSpecification","valueRequired":true,"valueName":"search_term_string"}}],"inLanguage":"es"}]}},"publishpress_future_workflow_manual_trigger":{"enabledWorkflows":[]},"_links":{"self":[{"href":"https:\/\/sucre.plus\/es\/wp-json\/wp\/v2\/pages\/1592","targetHints":{"allow":["GET"]}}],"collection":[{"href":"https:\/\/sucre.plus\/es\/wp-json\/wp\/v2\/pages"}],"about":[{"href":"https:\/\/sucre.plus\/es\/wp-json\/wp\/v2\/types\/page"}],"author":[{"embeddable":true,"href":"https:\/\/sucre.plus\/es\/wp-json\/wp\/v2\/users\/1"}],"replies":[{"embeddable":true,"href":"https:\/\/sucre.plus\/es\/wp-json\/wp\/v2\/comments?post=1592"}],"version-history":[{"count":2,"href":"https:\/\/sucre.plus\/es\/wp-json\/wp\/v2\/pages\/1592\/revisions"}],"predecessor-version":[{"id":1650,"href":"https:\/\/sucre.plus\/es\/wp-json\/wp\/v2\/pages\/1592\/revisions\/1650"}],"wp:attachment":[{"href":"https:\/\/sucre.plus\/es\/wp-json\/wp\/v2\/media?parent=1592"}],"curies":[{"name":"wp","href":"https:\/\/api.w.org\/{rel}","templated":true}]}}