{"id":1589,"date":"2018-12-03T17:26:00","date_gmt":"2018-12-03T16:26:00","guid":{"rendered":"https:\/\/sucre.plus\/certificats-qualite\/"},"modified":"2025-07-22T18:57:22","modified_gmt":"2025-07-22T16:57:22","slug":"certificats-qualite","status":"publish","type":"page","link":"https:\/\/sucre.plus\/es\/certificats-qualite\/","title":{"rendered":"Certificats qualit\u00e9"},"content":{"rendered":"\n<div class=\"wp-block-columns has-3-columns is-layout-flex wp-container-core-columns-is-layout-9d6595d7 wp-block-columns-is-layout-flex\">\n<div class=\"wp-block-column is-layout-flow wp-block-column-is-layout-flow\"><div class=\"wp-block-image\">\n<figure class=\"aligncenter is-resized\"><img loading=\"lazy\" decoding=\"async\" width=\"200\" height=\"200\" src=\"https:\/\/sucre.plus\/wp-content\/uploads\/2019\/02\/logo-fssc22000.png\" alt=\"\" class=\"wp-image-352\" style=\"width:118px;height:118px\" srcset=\"https:\/\/sucre.plus\/wp-content\/uploads\/2019\/02\/logo-fssc22000.png 200w, https:\/\/sucre.plus\/wp-content\/uploads\/2019\/02\/logo-fssc22000-150x150.png 150w\" sizes=\"auto, (max-width: 200px) 100vw, 200px\" \/><figcaption class=\"wp-element-caption\">Certification  fssc22000 <em>(*) <\/em><br>  <\/figcaption><\/figure><\/div>\n\n<\/div>\n\n\n\n<div class=\"wp-block-column is-layout-flow wp-block-column-is-layout-flow\">\n<figure class=\"wp-block-image size-full\"><img loading=\"lazy\" decoding=\"async\" width=\"300\" height=\"280\" src=\"https:\/\/sucre.plus\/wp-content\/uploads\/2025\/07\/220131-Logo-ISO-22000-2018-e1753203333156.png\" alt=\"\" class=\"wp-image-4074\"\/><\/figure>\n<\/div>\n\n\n\n<div class=\"wp-block-column is-layout-flow wp-block-column-is-layout-flow\"><div class=\"wp-block-image\">\n<figure class=\"aligncenter is-resized\"><img loading=\"lazy\" decoding=\"async\" width=\"500\" height=\"333\" src=\"https:\/\/sucre.plus\/wp-content\/uploads\/2019\/02\/logo-bio.jpg\" alt=\"\" class=\"wp-image-358\" style=\"width:163px;height:108px\" srcset=\"https:\/\/sucre.plus\/wp-content\/uploads\/2019\/02\/logo-bio.jpg 500w, https:\/\/sucre.plus\/wp-content\/uploads\/2019\/02\/logo-bio-300x200.jpg 300w\" sizes=\"auto, (max-width: 500px) 100vw, 500px\" \/><figcaption class=\"wp-element-caption\">Certification BIO<\/figcaption><\/figure><\/div><\/div>\n<\/div>\n\n\n\n<div class=\"wp-block-columns has-3-columns is-layout-flex wp-container-core-columns-is-layout-9d6595d7 wp-block-columns-is-layout-flex\">\n<div class=\"wp-block-column is-layout-flow wp-block-column-is-layout-flow\"><div class=\"wp-block-image\">\n<figure class=\"aligncenter is-resized\"><img loading=\"lazy\" decoding=\"async\" width=\"208\" height=\"243\" src=\"https:\/\/sucre.plus\/wp-content\/uploads\/2019\/02\/logo-FFL.png\" alt=\"\" class=\"wp-image-360\" style=\"width:114px;height:133px\"\/><figcaption class=\"wp-element-caption\">Equitable : Fair for Life (FFL)<\/figcaption><\/figure><\/div><\/div>\n\n\n\n<div class=\"wp-block-column is-layout-flow wp-block-column-is-layout-flow\"><\/div>\n\n\n\n<div class=\"wp-block-column is-layout-flow wp-block-column-is-layout-flow\"><div class=\"wp-block-image\">\n<figure class=\"aligncenter is-resized\"><img loading=\"lazy\" decoding=\"async\" width=\"220\" height=\"220\" src=\"https:\/\/sucre.plus\/wp-content\/uploads\/2019\/02\/Fairtrade_Certification_Mark.svg_.png\" alt=\"\" class=\"wp-image-356\" style=\"width:134px;height:134px\" srcset=\"https:\/\/sucre.plus\/wp-content\/uploads\/2019\/02\/Fairtrade_Certification_Mark.svg_.png 220w, https:\/\/sucre.plus\/wp-content\/uploads\/2019\/02\/Fairtrade_Certification_Mark.svg_-150x150.png 150w\" sizes=\"auto, (max-width: 220px) 100vw, 220px\" \/><figcaption class=\"wp-element-caption\">Equitable : Flo-Cert <\/figcaption><\/figure><\/div><\/div>\n<\/div>\n\n\n\n<p><em>Certification FSSC22000 (*) : p\u00e9rim\u00e8tre certifi\u00e9 : R\u00e9ception , conditionnement et exp\u00e9dition (sachets, sacs , big bags et en vrac ) de sucres et produits sucrants.<\/em><br data-rich-text-line-break=\"true\"><em>Transformation de sucre en sucre glace (broyage)&nbsp;<\/em><\/p>\n\n\n\n<p class=\"has-text-align-center\">Pour plus d&#8217;informations:<\/p>\n\n\n\n<p class=\"has-text-align-center\"><a href=\"http:\/\/certificat.ecocert.com\/?source=ecocertfr&amp;langue=fr\" target=\"_blank\" rel=\"noreferrer noopener\">Bio : certificateur ECOCERT<\/a><\/p>\n\n\n\n<p class=\"has-text-align-center\"><a href=\"https:\/\/www.flocert.net\/about-flocert\/customer-search\/\" target=\"_blank\" rel=\"noreferrer noopener\">Equitable : Certificateur FLO-CERT<\/a><\/p>\n\n\n\n<p class=\"has-text-align-center\"><a href=\"http:\/\/www.fairforlife.org\/pmws\/indexDOM.php?client_id=fairforlife&amp;page_id=operators&amp;lang_iso639=fr\" target=\"_blank\" rel=\"noreferrer noopener\">Equitable : certificateur ECOCERT Fair For Life<\/a><\/p>\n\n\n\n<p><\/p>\n\n\n\n<p><\/p>\n\n\n\n<div style=\"height:26px\" aria-hidden=\"true\" class=\"wp-block-spacer\"><\/div>\n\n\n\n<p class=\"has-text-align-center\">\u00c9chantillonnage de nos documents Qualit\u00e9 :<br><\/p>\n\n\n\n\n\n\n\n<div data-wp-interactive=\"core\/file\" class=\"wp-block-file\"><object data-wp-bind--hidden=\"!state.hasPdfPreview\" hidden class=\"wp-block-file__embed\" data=\"https:\/\/sucre.plus\/wp-content\/uploads\/2025\/03\/2025_2027-Paquet-Qualite-Sucre.pdf\" type=\"application\/pdf\" style=\"width:100%;height:600px\" aria-label=\"Incrustado de 2025_2027 Paquet Qualit\u00e9 Sucre+.\"><\/object><a id=\"wp-block-file--media-a5cb9df1-0236-4cfc-8119-b09014a49a9b\" href=\"https:\/\/sucre.plus\/wp-content\/uploads\/2025\/03\/2025_2027-Paquet-Qualite-Sucre.pdf\">2025_2027 Paquet Qualit\u00e9 Sucre+<\/a><a href=\"https:\/\/sucre.plus\/wp-content\/uploads\/2025\/03\/2025_2027-Paquet-Qualite-Sucre.pdf\" class=\"wp-block-file__button wp-element-button\" download aria-describedby=\"wp-block-file--media-a5cb9df1-0236-4cfc-8119-b09014a49a9b\">T\u00e9l\u00e9charger<\/a><\/div>\n\n\n\n\n\n<p class=\"has-text-align-center\"><\/p>\n","protected":false},"excerpt":{"rendered":"<p>Certification FSSC22000 (*) : p\u00e9rim\u00e8tre certifi\u00e9 : R\u00e9ception , conditionnement et exp\u00e9dition (sachets, sacs , big bags et en vrac&#8230;<\/p>\n","protected":false},"author":1,"featured_media":0,"parent":0,"menu_order":0,"comment_status":"closed","ping_status":"closed","template":"","meta":{"_acf_changed":false,"footnotes":""},"class_list":["post-1589","page","type-page","status-publish","hentry"],"acf":[],"yoast_head":"<!-- This site is optimized with the Yoast SEO plugin v25.8 - https:\/\/yoast.com\/wordpress\/plugins\/seo\/ -->\n<title>Certificats qualit\u00e9 | Sucre+<\/title>\n<meta name=\"robots\" content=\"index, follow, max-snippet:-1, max-image-preview:large, max-video-preview:-1\" \/>\n<link rel=\"canonical\" href=\"https:\/\/sucre.plus\/es\/certificats-qualite\/\" \/>\n<meta property=\"og:locale\" content=\"es_ES\" \/>\n<meta property=\"og:type\" content=\"article\" \/>\n<meta property=\"og:title\" content=\"Certificats qualit\u00e9 | Sucre+\" \/>\n<meta property=\"og:description\" content=\"Certification FSSC22000 (*) : p\u00e9rim\u00e8tre certifi\u00e9 : R\u00e9ception , conditionnement et exp\u00e9dition (sachets, sacs , big bags et en vrac...\" \/>\n<meta property=\"og:url\" content=\"https:\/\/sucre.plus\/es\/certificats-qualite\/\" \/>\n<meta property=\"og:site_name\" content=\"Sucre+\" \/>\n<meta property=\"article:modified_time\" content=\"2025-07-22T16:57:22+00:00\" \/>\n<meta property=\"og:image\" content=\"https:\/\/sucre.plus\/wp-content\/uploads\/2019\/02\/logo-fssc22000.png\" \/>\n\t<meta property=\"og:image:width\" content=\"200\" \/>\n\t<meta property=\"og:image:height\" content=\"200\" \/>\n\t<meta property=\"og:image:type\" content=\"image\/png\" \/>\n<meta name=\"twitter:card\" content=\"summary_large_image\" \/>\n<script type=\"application\/ld+json\" class=\"yoast-schema-graph\">{\"@context\":\"https:\/\/schema.org\",\"@graph\":[{\"@type\":\"WebPage\",\"@id\":\"https:\/\/sucre.plus\/es\/certificats-qualite\/\",\"url\":\"https:\/\/sucre.plus\/es\/certificats-qualite\/\",\"name\":\"Certificats qualit\u00e9 | Sucre+\",\"isPartOf\":{\"@id\":\"https:\/\/sucre.plus\/es\/#website\"},\"primaryImageOfPage\":{\"@id\":\"https:\/\/sucre.plus\/es\/certificats-qualite\/#primaryimage\"},\"image\":{\"@id\":\"https:\/\/sucre.plus\/es\/certificats-qualite\/#primaryimage\"},\"thumbnailUrl\":\"https:\/\/sucre.plus\/wp-content\/uploads\/2019\/02\/logo-fssc22000.png\",\"datePublished\":\"2018-12-03T16:26:00+00:00\",\"dateModified\":\"2025-07-22T16:57:22+00:00\",\"breadcrumb\":{\"@id\":\"https:\/\/sucre.plus\/es\/certificats-qualite\/#breadcrumb\"},\"inLanguage\":\"es\",\"potentialAction\":[{\"@type\":\"ReadAction\",\"target\":[\"https:\/\/sucre.plus\/es\/certificats-qualite\/\"]}]},{\"@type\":\"ImageObject\",\"inLanguage\":\"es\",\"@id\":\"https:\/\/sucre.plus\/es\/certificats-qualite\/#primaryimage\",\"url\":\"https:\/\/sucre.plus\/wp-content\/uploads\/2019\/02\/logo-fssc22000.png\",\"contentUrl\":\"https:\/\/sucre.plus\/wp-content\/uploads\/2019\/02\/logo-fssc22000.png\"},{\"@type\":\"BreadcrumbList\",\"@id\":\"https:\/\/sucre.plus\/es\/certificats-qualite\/#breadcrumb\",\"itemListElement\":[{\"@type\":\"ListItem\",\"position\":1,\"name\":\"Accueil\",\"item\":\"https:\/\/sucre.plus\/es\/\"},{\"@type\":\"ListItem\",\"position\":2,\"name\":\"Certificats qualit\u00e9\"}]},{\"@type\":\"WebSite\",\"@id\":\"https:\/\/sucre.plus\/es\/#website\",\"url\":\"https:\/\/sucre.plus\/es\/\",\"name\":\"Sucre+\",\"description\":\"La sucro-culture en plus\",\"potentialAction\":[{\"@type\":\"SearchAction\",\"target\":{\"@type\":\"EntryPoint\",\"urlTemplate\":\"https:\/\/sucre.plus\/es\/?s={search_term_string}\"},\"query-input\":{\"@type\":\"PropertyValueSpecification\",\"valueRequired\":true,\"valueName\":\"search_term_string\"}}],\"inLanguage\":\"es\"}]}<\/script>\n<!-- \/ Yoast SEO plugin. -->","yoast_head_json":{"title":"Certificats qualit\u00e9 | Sucre+","robots":{"index":"index","follow":"follow","max-snippet":"max-snippet:-1","max-image-preview":"max-image-preview:large","max-video-preview":"max-video-preview:-1"},"canonical":"https:\/\/sucre.plus\/es\/certificats-qualite\/","og_locale":"es_ES","og_type":"article","og_title":"Certificats qualit\u00e9 | Sucre+","og_description":"Certification FSSC22000 (*) : p\u00e9rim\u00e8tre certifi\u00e9 : R\u00e9ception , conditionnement et exp\u00e9dition (sachets, sacs , big bags et en vrac...","og_url":"https:\/\/sucre.plus\/es\/certificats-qualite\/","og_site_name":"Sucre+","article_modified_time":"2025-07-22T16:57:22+00:00","og_image":[{"width":200,"height":200,"url":"https:\/\/sucre.plus\/wp-content\/uploads\/2019\/02\/logo-fssc22000.png","type":"image\/png"}],"twitter_card":"summary_large_image","schema":{"@context":"https:\/\/schema.org","@graph":[{"@type":"WebPage","@id":"https:\/\/sucre.plus\/es\/certificats-qualite\/","url":"https:\/\/sucre.plus\/es\/certificats-qualite\/","name":"Certificats qualit\u00e9 | Sucre+","isPartOf":{"@id":"https:\/\/sucre.plus\/es\/#website"},"primaryImageOfPage":{"@id":"https:\/\/sucre.plus\/es\/certificats-qualite\/#primaryimage"},"image":{"@id":"https:\/\/sucre.plus\/es\/certificats-qualite\/#primaryimage"},"thumbnailUrl":"https:\/\/sucre.plus\/wp-content\/uploads\/2019\/02\/logo-fssc22000.png","datePublished":"2018-12-03T16:26:00+00:00","dateModified":"2025-07-22T16:57:22+00:00","breadcrumb":{"@id":"https:\/\/sucre.plus\/es\/certificats-qualite\/#breadcrumb"},"inLanguage":"es","potentialAction":[{"@type":"ReadAction","target":["https:\/\/sucre.plus\/es\/certificats-qualite\/"]}]},{"@type":"ImageObject","inLanguage":"es","@id":"https:\/\/sucre.plus\/es\/certificats-qualite\/#primaryimage","url":"https:\/\/sucre.plus\/wp-content\/uploads\/2019\/02\/logo-fssc22000.png","contentUrl":"https:\/\/sucre.plus\/wp-content\/uploads\/2019\/02\/logo-fssc22000.png"},{"@type":"BreadcrumbList","@id":"https:\/\/sucre.plus\/es\/certificats-qualite\/#breadcrumb","itemListElement":[{"@type":"ListItem","position":1,"name":"Accueil","item":"https:\/\/sucre.plus\/es\/"},{"@type":"ListItem","position":2,"name":"Certificats qualit\u00e9"}]},{"@type":"WebSite","@id":"https:\/\/sucre.plus\/es\/#website","url":"https:\/\/sucre.plus\/es\/","name":"Sucre+","description":"La sucro-culture en plus","potentialAction":[{"@type":"SearchAction","target":{"@type":"EntryPoint","urlTemplate":"https:\/\/sucre.plus\/es\/?s={search_term_string}"},"query-input":{"@type":"PropertyValueSpecification","valueRequired":true,"valueName":"search_term_string"}}],"inLanguage":"es"}]}},"publishpress_future_workflow_manual_trigger":{"enabledWorkflows":[]},"_links":{"self":[{"href":"https:\/\/sucre.plus\/es\/wp-json\/wp\/v2\/pages\/1589","targetHints":{"allow":["GET"]}}],"collection":[{"href":"https:\/\/sucre.plus\/es\/wp-json\/wp\/v2\/pages"}],"about":[{"href":"https:\/\/sucre.plus\/es\/wp-json\/wp\/v2\/types\/page"}],"author":[{"embeddable":true,"href":"https:\/\/sucre.plus\/es\/wp-json\/wp\/v2\/users\/1"}],"replies":[{"embeddable":true,"href":"https:\/\/sucre.plus\/es\/wp-json\/wp\/v2\/comments?post=1589"}],"version-history":[{"count":14,"href":"https:\/\/sucre.plus\/es\/wp-json\/wp\/v2\/pages\/1589\/revisions"}],"predecessor-version":[{"id":4086,"href":"https:\/\/sucre.plus\/es\/wp-json\/wp\/v2\/pages\/1589\/revisions\/4086"}],"wp:attachment":[{"href":"https:\/\/sucre.plus\/es\/wp-json\/wp\/v2\/media?parent=1589"}],"curies":[{"name":"wp","href":"https:\/\/api.w.org\/{rel}","templated":true}]}}