{"id":1583,"date":"2018-11-07T16:07:25","date_gmt":"2018-11-07T15:07:25","guid":{"rendered":"https:\/\/sucre.plus\/sucro-delices\/"},"modified":"2019-11-25T15:56:14","modified_gmt":"2019-11-25T14:56:14","slug":"sucro-delicias","status":"publish","type":"page","link":"https:\/\/sucre.plus\/es\/sucro-delicias\/","title":{"rendered":"Sucro-Delicias"},"content":{"rendered":"\n<p>Esta gama de az\u00facares est\u00e1 dedicada prioritariamente a los consumidores.<\/p>\n\n\n\n<p>Sin embargo, los mayoristas, distribuidores y los comercios encontrar\u00e1n az\u00facares adaptados al sector de la panader\u00eda-pasteler\u00eda, restauraci\u00f3n y la distribui\u00f3n autom\u00e1tica.<\/p>\n\n\n\n<p>Hemos creado 3 marcas espec\u00edficas&nbsp;:<\/p>\n\n\n\n<p><strong>DELICE Blanc<\/strong><\/p>\n\n\n\n<p><strong>DELICE Roux<\/strong><\/p>\n\n\n\n<p><strong>DELICE Blond<\/strong><\/p>\n\n\n\n<p>Que se declinan en tres ejes&nbsp;:<\/p>\n\n\n\n<p><strong><em>Aut\u00e9ntico<\/em><\/strong>&nbsp;: az\u00facares seleccionados y preparados en Nouvelle Aquitaine y Pays de la Loire<\/p>\n\n\n\n<p><strong><em>Bio : <\/em><\/strong><em>az\u00facares de ca\u00f1a o de remolacha de origen ecol\u00f3gico<\/em><\/p>\n\n\n\n<p><strong><em>Bio comercio justo : <\/em><\/strong><em>az\u00facares ecol\u00f3gicos y certificados por un organismo de comercio justo<\/em><\/p>\n","protected":false},"excerpt":{"rendered":"<p>Esta gama de az\u00facares est\u00e1 dedicada prioritariamente a los consumidores. Sin embargo, los mayoristas, distribuidores y los comercios encontrar\u00e1n az\u00facares&#8230;<\/p>\n","protected":false},"author":1,"featured_media":1393,"parent":0,"menu_order":0,"comment_status":"closed","ping_status":"closed","template":"","meta":{"_acf_changed":false,"footnotes":""},"class_list":["post-1583","page","type-page","status-publish","has-post-thumbnail","hentry"],"acf":[],"yoast_head":"<!-- This site is optimized with the Yoast SEO plugin v25.8 - https:\/\/yoast.com\/wordpress\/plugins\/seo\/ -->\n<title>Sucro-Delicias | Sucre+<\/title>\n<meta name=\"robots\" content=\"index, follow, max-snippet:-1, max-image-preview:large, max-video-preview:-1\" \/>\n<link rel=\"canonical\" href=\"https:\/\/sucre.plus\/es\/sucro-delicias\/\" \/>\n<meta property=\"og:locale\" content=\"es_ES\" \/>\n<meta property=\"og:type\" content=\"article\" \/>\n<meta property=\"og:title\" content=\"Sucro-Delicias | Sucre+\" \/>\n<meta property=\"og:description\" content=\"Esta gama de az\u00facares est\u00e1 dedicada prioritariamente a los consumidores. Sin embargo, los mayoristas, distribuidores y los comercios encontrar\u00e1n az\u00facares...\" \/>\n<meta property=\"og:url\" content=\"https:\/\/sucre.plus\/es\/sucro-delicias\/\" \/>\n<meta property=\"og:site_name\" content=\"Sucre+\" \/>\n<meta property=\"article:modified_time\" content=\"2019-11-25T14:56:14+00:00\" \/>\n<meta property=\"og:image\" content=\"https:\/\/sucre.plus\/wp-content\/uploads\/2018\/11\/bg-delices.jpg\" \/>\n\t<meta property=\"og:image:width\" content=\"380\" \/>\n\t<meta property=\"og:image:height\" content=\"205\" \/>\n\t<meta property=\"og:image:type\" content=\"image\/jpeg\" \/>\n<meta name=\"twitter:card\" content=\"summary_large_image\" \/>\n<meta name=\"twitter:label1\" content=\"Tiempo de lectura\" \/>\n\t<meta name=\"twitter:data1\" content=\"1 minuto\" \/>\n<script type=\"application\/ld+json\" class=\"yoast-schema-graph\">{\"@context\":\"https:\/\/schema.org\",\"@graph\":[{\"@type\":\"WebPage\",\"@id\":\"https:\/\/sucre.plus\/es\/sucro-delicias\/\",\"url\":\"https:\/\/sucre.plus\/es\/sucro-delicias\/\",\"name\":\"Sucro-Delicias | Sucre+\",\"isPartOf\":{\"@id\":\"https:\/\/sucre.plus\/es\/#website\"},\"primaryImageOfPage\":{\"@id\":\"https:\/\/sucre.plus\/es\/sucro-delicias\/#primaryimage\"},\"image\":{\"@id\":\"https:\/\/sucre.plus\/es\/sucro-delicias\/#primaryimage\"},\"thumbnailUrl\":\"https:\/\/sucre.plus\/wp-content\/uploads\/2018\/11\/bg-delices.jpg\",\"datePublished\":\"2018-11-07T15:07:25+00:00\",\"dateModified\":\"2019-11-25T14:56:14+00:00\",\"breadcrumb\":{\"@id\":\"https:\/\/sucre.plus\/es\/sucro-delicias\/#breadcrumb\"},\"inLanguage\":\"es\",\"potentialAction\":[{\"@type\":\"ReadAction\",\"target\":[\"https:\/\/sucre.plus\/es\/sucro-delicias\/\"]}]},{\"@type\":\"ImageObject\",\"inLanguage\":\"es\",\"@id\":\"https:\/\/sucre.plus\/es\/sucro-delicias\/#primaryimage\",\"url\":\"https:\/\/sucre.plus\/wp-content\/uploads\/2018\/11\/bg-delices.jpg\",\"contentUrl\":\"https:\/\/sucre.plus\/wp-content\/uploads\/2018\/11\/bg-delices.jpg\",\"width\":380,\"height\":205},{\"@type\":\"BreadcrumbList\",\"@id\":\"https:\/\/sucre.plus\/es\/sucro-delicias\/#breadcrumb\",\"itemListElement\":[{\"@type\":\"ListItem\",\"position\":1,\"name\":\"Accueil\",\"item\":\"https:\/\/sucre.plus\/es\/\"},{\"@type\":\"ListItem\",\"position\":2,\"name\":\"Sucro-Delicias\"}]},{\"@type\":\"WebSite\",\"@id\":\"https:\/\/sucre.plus\/es\/#website\",\"url\":\"https:\/\/sucre.plus\/es\/\",\"name\":\"Sucre+\",\"description\":\"La sucro-culture en plus\",\"potentialAction\":[{\"@type\":\"SearchAction\",\"target\":{\"@type\":\"EntryPoint\",\"urlTemplate\":\"https:\/\/sucre.plus\/es\/?s={search_term_string}\"},\"query-input\":{\"@type\":\"PropertyValueSpecification\",\"valueRequired\":true,\"valueName\":\"search_term_string\"}}],\"inLanguage\":\"es\"}]}<\/script>\n<!-- \/ Yoast SEO plugin. -->","yoast_head_json":{"title":"Sucro-Delicias | Sucre+","robots":{"index":"index","follow":"follow","max-snippet":"max-snippet:-1","max-image-preview":"max-image-preview:large","max-video-preview":"max-video-preview:-1"},"canonical":"https:\/\/sucre.plus\/es\/sucro-delicias\/","og_locale":"es_ES","og_type":"article","og_title":"Sucro-Delicias | Sucre+","og_description":"Esta gama de az\u00facares est\u00e1 dedicada prioritariamente a los consumidores. Sin embargo, los mayoristas, distribuidores y los comercios encontrar\u00e1n az\u00facares...","og_url":"https:\/\/sucre.plus\/es\/sucro-delicias\/","og_site_name":"Sucre+","article_modified_time":"2019-11-25T14:56:14+00:00","og_image":[{"width":380,"height":205,"url":"https:\/\/sucre.plus\/wp-content\/uploads\/2018\/11\/bg-delices.jpg","type":"image\/jpeg"}],"twitter_card":"summary_large_image","twitter_misc":{"Tiempo de lectura":"1 minuto"},"schema":{"@context":"https:\/\/schema.org","@graph":[{"@type":"WebPage","@id":"https:\/\/sucre.plus\/es\/sucro-delicias\/","url":"https:\/\/sucre.plus\/es\/sucro-delicias\/","name":"Sucro-Delicias | Sucre+","isPartOf":{"@id":"https:\/\/sucre.plus\/es\/#website"},"primaryImageOfPage":{"@id":"https:\/\/sucre.plus\/es\/sucro-delicias\/#primaryimage"},"image":{"@id":"https:\/\/sucre.plus\/es\/sucro-delicias\/#primaryimage"},"thumbnailUrl":"https:\/\/sucre.plus\/wp-content\/uploads\/2018\/11\/bg-delices.jpg","datePublished":"2018-11-07T15:07:25+00:00","dateModified":"2019-11-25T14:56:14+00:00","breadcrumb":{"@id":"https:\/\/sucre.plus\/es\/sucro-delicias\/#breadcrumb"},"inLanguage":"es","potentialAction":[{"@type":"ReadAction","target":["https:\/\/sucre.plus\/es\/sucro-delicias\/"]}]},{"@type":"ImageObject","inLanguage":"es","@id":"https:\/\/sucre.plus\/es\/sucro-delicias\/#primaryimage","url":"https:\/\/sucre.plus\/wp-content\/uploads\/2018\/11\/bg-delices.jpg","contentUrl":"https:\/\/sucre.plus\/wp-content\/uploads\/2018\/11\/bg-delices.jpg","width":380,"height":205},{"@type":"BreadcrumbList","@id":"https:\/\/sucre.plus\/es\/sucro-delicias\/#breadcrumb","itemListElement":[{"@type":"ListItem","position":1,"name":"Accueil","item":"https:\/\/sucre.plus\/es\/"},{"@type":"ListItem","position":2,"name":"Sucro-Delicias"}]},{"@type":"WebSite","@id":"https:\/\/sucre.plus\/es\/#website","url":"https:\/\/sucre.plus\/es\/","name":"Sucre+","description":"La sucro-culture en plus","potentialAction":[{"@type":"SearchAction","target":{"@type":"EntryPoint","urlTemplate":"https:\/\/sucre.plus\/es\/?s={search_term_string}"},"query-input":{"@type":"PropertyValueSpecification","valueRequired":true,"valueName":"search_term_string"}}],"inLanguage":"es"}]}},"publishpress_future_workflow_manual_trigger":{"enabledWorkflows":[]},"_links":{"self":[{"href":"https:\/\/sucre.plus\/es\/wp-json\/wp\/v2\/pages\/1583","targetHints":{"allow":["GET"]}}],"collection":[{"href":"https:\/\/sucre.plus\/es\/wp-json\/wp\/v2\/pages"}],"about":[{"href":"https:\/\/sucre.plus\/es\/wp-json\/wp\/v2\/types\/page"}],"author":[{"embeddable":true,"href":"https:\/\/sucre.plus\/es\/wp-json\/wp\/v2\/users\/1"}],"replies":[{"embeddable":true,"href":"https:\/\/sucre.plus\/es\/wp-json\/wp\/v2\/comments?post=1583"}],"version-history":[{"count":2,"href":"https:\/\/sucre.plus\/es\/wp-json\/wp\/v2\/pages\/1583\/revisions"}],"predecessor-version":[{"id":1649,"href":"https:\/\/sucre.plus\/es\/wp-json\/wp\/v2\/pages\/1583\/revisions\/1649"}],"wp:featuredmedia":[{"embeddable":true,"href":"https:\/\/sucre.plus\/es\/wp-json\/wp\/v2\/media\/1393"}],"wp:attachment":[{"href":"https:\/\/sucre.plus\/es\/wp-json\/wp\/v2\/media?parent=1583"}],"curies":[{"name":"wp","href":"https:\/\/api.w.org\/{rel}","templated":true}]}}