{"id":1465,"date":"2019-10-16T15:08:12","date_gmt":"2019-10-16T13:08:12","guid":{"rendered":"https:\/\/sucre.plus\/?page_id=1465"},"modified":"2019-11-25T15:58:31","modified_gmt":"2019-11-25T14:58:31","slug":"historia-y-valores","status":"publish","type":"page","link":"https:\/\/sucre.plus\/es\/historia-y-valores\/","title":{"rendered":"Historia y Valores"},"content":{"rendered":"\n<h2 class=\"wp-block-heading\"><strong>SUCRE + , la cultura del equipo un plus ! <\/strong><\/h2>\n\n\n\n<blockquote class=\"wp-block-quote is-style-large is-layout-flow wp-block-quote-is-layout-flow\"><p><\/p><\/blockquote>\n\n\n\n<p>Sucre+ es la historia de una aventura familiar. M\u00e1s que una aventura comercial, es el fruto de una herencia que lleva al Grupo a especializarse en la cultura del az\u00facar. Hoy, es la historia de 3 generaciones&nbsp;; la de un padre que siente la necesidad de \u00ab&nbsp;sentirse \u00fatil&nbsp;\u00bb y que transmite, progresivamente, el gusto del comercio de proximidad y el trabajo del az\u00facar a sus hijas. De esta aventura familiar nace un esp\u00edritu de equipo singular, que sabe ser t\u00e9cnico y \u00ab Darle ca\u00f1a&nbsp;\u00bb.<br><\/p>\n\n\n\n<p><em>Chez Sucre +, la sucro-culture est sucro-sympathique.<\/em><\/p>\n\n\n\n<h2 class=\"wp-block-heading\"><strong>Sucre+, la cultura del az\u00facar!<\/strong><\/h2>\n\n\n\n<p>Aunque el Grupo no cultive la remolacha de az\u00facar ni la ca\u00f1a, muestra una genuina cultura t\u00e9cnica del az\u00facar mostrando sus aptitudes. As\u00ed, con un enfoque comercial de empresa a empresa, es capaz de proponer gamas espec\u00edficas y adaptarse a las necesidades de sus clientes. Sabe sobrepasarse para innovar pero sin perder su rumbo.<\/p>\n\n\n\n<p><em>Chez Sucre+, la sucro-culture est sucro-r\u00e9active.<\/em><\/p>\n\n\n\n<h2 class=\"wp-block-heading\"><strong>SUCRE + , la culture es un recurso m\u00e1s! <\/strong><\/h2>\n\n\n\n<p>Ser capaz de ofrecer algo m\u00e1s que el producto cerficando el sentido del servicio, \u00a1es la especilidad de Sucre +&nbsp;! Proponer la distribuci\u00f3n y considerar el az\u00facar como un recurso, abierto al mundo, el Grupo marca la diferencia.<\/p>\n\n\n\n<p>C<em>hez Sucre+, la sucro-culture est sucro-dynamique.<\/em><\/p>\n\n\n\n<h2 class=\"wp-block-heading\"><strong>SUCRE + , la culture de aqu\u00ed es un plus ! <\/strong><\/h2>\n\n\n\n<p>Bueno, no nos olvidamos que el az\u00facar es, sobre todo, un placer. Un deleite que el Grupo desea poner a disposici\u00f3n para el consumo diario. Priorizando los circuitos cortos, la cultura ecol\u00f3gica y el respeto de la \u00e9tica.<\/p>\n\n\n\n<p>Chez Sucre +, <em>la sucro-culture est sucro-responsable.<\/em><\/p>\n\n\n\n<h2 class=\"wp-block-heading\" style=\"text-align:center\"><strong>SUCRE + , la sucro-culture en plus ! <\/strong><\/h2>\n\n\n\n<p>Pour cela, le Groupe d\u00e9fend au quotidien ses<strong><em> 4 valeurs :<\/em><\/strong><\/p>\n\n\n\n<h3 class=\"wp-block-heading\"><strong>1\/ SUCRO-PROFESSIONNEL<\/strong><\/h3>\n\n\n\n<ul class=\"wp-block-gallery columns-3 is-cropped wp-block-gallery-1 is-layout-flex wp-block-gallery-is-layout-flex\"><li class=\"blocks-gallery-item\"><figure><img loading=\"lazy\" decoding=\"async\" width=\"450\" height=\"338\" src=\"https:\/\/sucre.plus\/wp-content\/uploads\/2019\/03\/sucro-pro.jpg\" alt=\"\" data-id=\"433\" class=\"wp-image-433\" srcset=\"https:\/\/sucre.plus\/wp-content\/uploads\/2019\/03\/sucro-pro.jpg 450w, https:\/\/sucre.plus\/wp-content\/uploads\/2019\/03\/sucro-pro-300x225.jpg 300w\" sizes=\"auto, (max-width: 450px) 100vw, 450px\" \/><figcaption>Control visual de la cristalizaci\u00f3n<\/figcaption><\/figure><\/li><li class=\"blocks-gallery-item\"><figure><img loading=\"lazy\" decoding=\"async\" width=\"450\" height=\"338\" src=\"https:\/\/sucre.plus\/wp-content\/uploads\/2019\/03\/sucro-perf3.jpg\" alt=\"\" data-id=\"429\" class=\"wp-image-429\" srcset=\"https:\/\/sucre.plus\/wp-content\/uploads\/2019\/03\/sucro-perf3.jpg 450w, https:\/\/sucre.plus\/wp-content\/uploads\/2019\/03\/sucro-perf3-300x225.jpg 300w\" sizes=\"auto, (max-width: 450px) 100vw, 450px\" \/><figcaption>Az\u00facares t\u00e9cnicos<\/figcaption><\/figure><\/li><\/ul>\n\n\n\n<h3 class=\"wp-block-heading\"><strong>2\/ SUCRO-EVOLUTIF<\/strong><\/h3>\n\n\n\n<ul class=\"wp-block-gallery columns-3 is-cropped wp-block-gallery-2 is-layout-flex wp-block-gallery-is-layout-flex\"><li class=\"blocks-gallery-item\"><figure><img loading=\"lazy\" decoding=\"async\" width=\"450\" height=\"253\" src=\"https:\/\/sucre.plus\/wp-content\/uploads\/2019\/03\/sucro-evol2.jpg\" alt=\"\" data-id=\"423\" class=\"wp-image-423\" srcset=\"https:\/\/sucre.plus\/wp-content\/uploads\/2019\/03\/sucro-evol2.jpg 450w, https:\/\/sucre.plus\/wp-content\/uploads\/2019\/03\/sucro-evol2-300x169.jpg 300w\" sizes=\"auto, (max-width: 450px) 100vw, 450px\" \/><figcaption>Oficinas de Burdeos \u2013 Construcci\u00f3n respetuosa con el medio ambiente (2013)<\/figcaption><\/figure><\/li><li class=\"blocks-gallery-item\"><figure><img loading=\"lazy\" decoding=\"async\" width=\"450\" height=\"253\" src=\"https:\/\/sucre.plus\/wp-content\/uploads\/2019\/03\/sucro-evol.jpg\" alt=\"\" data-id=\"421\" class=\"wp-image-421\" srcset=\"https:\/\/sucre.plus\/wp-content\/uploads\/2019\/03\/sucro-evol.jpg 450w, https:\/\/sucre.plus\/wp-content\/uploads\/2019\/03\/sucro-evol-300x169.jpg 300w\" sizes=\"auto, (max-width: 450px) 100vw, 450px\" \/><figcaption>Almac\u00e9n en Vend\u00e9e (2017)<\/figcaption><\/figure><\/li><\/ul>\n\n\n\n<h3 class=\"wp-block-heading\"><strong>3\/ SUCRO-PERFORMANT<\/strong><\/h3>\n\n\n\n<ul class=\"wp-block-gallery columns-3 is-cropped wp-block-gallery-3 is-layout-flex wp-block-gallery-is-layout-flex\"><li class=\"blocks-gallery-item\"><figure><img loading=\"lazy\" decoding=\"async\" width=\"450\" height=\"338\" src=\"https:\/\/sucre.plus\/wp-content\/uploads\/2019\/03\/sucro-perf.jpg\" alt=\"\" data-id=\"425\" class=\"wp-image-425\" srcset=\"https:\/\/sucre.plus\/wp-content\/uploads\/2019\/03\/sucro-perf.jpg 450w, https:\/\/sucre.plus\/wp-content\/uploads\/2019\/03\/sucro-perf-300x225.jpg 300w\" sizes=\"auto, (max-width: 450px) 100vw, 450px\" \/><figcaption>Laboratorio de an\u00e1lisis de az\u00facar de ca\u00f1a<\/figcaption><\/figure><\/li><li class=\"blocks-gallery-item\"><figure><img loading=\"lazy\" decoding=\"async\" width=\"450\" height=\"338\" src=\"https:\/\/sucre.plus\/wp-content\/uploads\/2019\/03\/sucro-perf2.jpg\" alt=\"\" data-id=\"427\" class=\"wp-image-427\" srcset=\"https:\/\/sucre.plus\/wp-content\/uploads\/2019\/03\/sucro-perf2.jpg 450w, https:\/\/sucre.plus\/wp-content\/uploads\/2019\/03\/sucro-perf2-300x225.jpg 300w\" sizes=\"auto, (max-width: 450px) 100vw, 450px\" \/><figcaption>Importaciones por contenedor<\/figcaption><\/figure><\/li><\/ul>\n\n\n\n<h3 class=\"wp-block-heading\"><strong>4\/ SUCRO-SYMPA<\/strong><\/h3>\n\n\n\n<div class=\"wp-block-media-text alignwide\"><figure class=\"wp-block-media-text__media\"><img loading=\"lazy\" decoding=\"async\" width=\"450\" height=\"338\" src=\"https:\/\/sucre.plus\/wp-content\/uploads\/2019\/03\/sucro-sympa.jpg\" alt=\"\" class=\"wp-image-431\" srcset=\"https:\/\/sucre.plus\/wp-content\/uploads\/2019\/03\/sucro-sympa.jpg 450w, https:\/\/sucre.plus\/wp-content\/uploads\/2019\/03\/sucro-sympa-300x225.jpg 300w\" sizes=\"auto, (max-width: 450px) 100vw, 450px\" \/><\/figure><div class=\"wp-block-media-text__content\">\n<p><strong>Tenemos un trato de igualdad con todos nuestros colaboradores..<\/strong><\/p>\n<\/div><\/div>\n\n\n\n<div style=\"height:20px\" aria-hidden=\"true\" class=\"wp-block-spacer\"><\/div>\n\n\n\n<p>Reportaje de TF1 sobre Hotravail : la empresa que se ocupa de los espacios verdes de nuestras oficinas  \u2013 Rodaje en SUCRE+<\/p>\n\n\n\n<figure class=\"wp-block-video\"><video controls src=\"https:\/\/sucre.plus\/wp-content\/uploads\/2019\/04\/Reportage-TF1-Hotravail-SD-10-11-2016-VP9-576p.webm\"><\/video><\/figure>\n","protected":false},"excerpt":{"rendered":"<p>SUCRE + , la cultura del equipo un plus ! Sucre+ es la historia de una aventura familiar. M\u00e1s que&#8230;<\/p>\n","protected":false},"author":4,"featured_media":0,"parent":0,"menu_order":1,"comment_status":"closed","ping_status":"closed","template":"","meta":{"_acf_changed":false,"footnotes":""},"class_list":["post-1465","page","type-page","status-publish","hentry"],"acf":[],"yoast_head":"<!-- This site is optimized with the Yoast SEO plugin v25.8 - https:\/\/yoast.com\/wordpress\/plugins\/seo\/ -->\n<title>Historia y Valores | Sucre+<\/title>\n<meta name=\"robots\" content=\"index, follow, max-snippet:-1, max-image-preview:large, max-video-preview:-1\" \/>\n<link rel=\"canonical\" href=\"https:\/\/sucre.plus\/es\/historia-y-valores\/\" \/>\n<meta property=\"og:locale\" content=\"es_ES\" \/>\n<meta property=\"og:type\" content=\"article\" \/>\n<meta property=\"og:title\" content=\"Historia y Valores | Sucre+\" \/>\n<meta property=\"og:description\" content=\"SUCRE + , la cultura del equipo un plus ! Sucre+ es la historia de una aventura familiar. M\u00e1s que...\" \/>\n<meta property=\"og:url\" content=\"https:\/\/sucre.plus\/es\/historia-y-valores\/\" \/>\n<meta property=\"og:site_name\" content=\"Sucre+\" \/>\n<meta property=\"article:modified_time\" content=\"2019-11-25T14:58:31+00:00\" \/>\n<meta property=\"og:image\" content=\"https:\/\/sucre.plus\/wp-content\/uploads\/2019\/03\/sucro-pro.jpg\" \/>\n<meta name=\"twitter:card\" content=\"summary_large_image\" \/>\n<meta name=\"twitter:label1\" content=\"Tiempo de lectura\" \/>\n\t<meta name=\"twitter:data1\" content=\"2 minutos\" \/>\n<script type=\"application\/ld+json\" class=\"yoast-schema-graph\">{\"@context\":\"https:\/\/schema.org\",\"@graph\":[{\"@type\":\"WebPage\",\"@id\":\"https:\/\/sucre.plus\/es\/historia-y-valores\/\",\"url\":\"https:\/\/sucre.plus\/es\/historia-y-valores\/\",\"name\":\"Historia y Valores | Sucre+\",\"isPartOf\":{\"@id\":\"https:\/\/sucre.plus\/es\/#website\"},\"primaryImageOfPage\":{\"@id\":\"https:\/\/sucre.plus\/es\/historia-y-valores\/#primaryimage\"},\"image\":{\"@id\":\"https:\/\/sucre.plus\/es\/historia-y-valores\/#primaryimage\"},\"thumbnailUrl\":\"https:\/\/sucre.plus\/wp-content\/uploads\/2019\/03\/sucro-pro.jpg\",\"datePublished\":\"2019-10-16T13:08:12+00:00\",\"dateModified\":\"2019-11-25T14:58:31+00:00\",\"breadcrumb\":{\"@id\":\"https:\/\/sucre.plus\/es\/historia-y-valores\/#breadcrumb\"},\"inLanguage\":\"es\",\"potentialAction\":[{\"@type\":\"ReadAction\",\"target\":[\"https:\/\/sucre.plus\/es\/historia-y-valores\/\"]}]},{\"@type\":\"ImageObject\",\"inLanguage\":\"es\",\"@id\":\"https:\/\/sucre.plus\/es\/historia-y-valores\/#primaryimage\",\"url\":\"https:\/\/sucre.plus\/wp-content\/uploads\/2019\/03\/sucro-pro.jpg\",\"contentUrl\":\"https:\/\/sucre.plus\/wp-content\/uploads\/2019\/03\/sucro-pro.jpg\"},{\"@type\":\"BreadcrumbList\",\"@id\":\"https:\/\/sucre.plus\/es\/historia-y-valores\/#breadcrumb\",\"itemListElement\":[{\"@type\":\"ListItem\",\"position\":1,\"name\":\"Accueil\",\"item\":\"https:\/\/sucre.plus\/es\/\"},{\"@type\":\"ListItem\",\"position\":2,\"name\":\"Historia y Valores\"}]},{\"@type\":\"WebSite\",\"@id\":\"https:\/\/sucre.plus\/es\/#website\",\"url\":\"https:\/\/sucre.plus\/es\/\",\"name\":\"Sucre+\",\"description\":\"La sucro-culture en plus\",\"potentialAction\":[{\"@type\":\"SearchAction\",\"target\":{\"@type\":\"EntryPoint\",\"urlTemplate\":\"https:\/\/sucre.plus\/es\/?s={search_term_string}\"},\"query-input\":{\"@type\":\"PropertyValueSpecification\",\"valueRequired\":true,\"valueName\":\"search_term_string\"}}],\"inLanguage\":\"es\"}]}<\/script>\n<!-- \/ Yoast SEO plugin. -->","yoast_head_json":{"title":"Historia y Valores | Sucre+","robots":{"index":"index","follow":"follow","max-snippet":"max-snippet:-1","max-image-preview":"max-image-preview:large","max-video-preview":"max-video-preview:-1"},"canonical":"https:\/\/sucre.plus\/es\/historia-y-valores\/","og_locale":"es_ES","og_type":"article","og_title":"Historia y Valores | Sucre+","og_description":"SUCRE + , la cultura del equipo un plus ! Sucre+ es la historia de una aventura familiar. M\u00e1s que...","og_url":"https:\/\/sucre.plus\/es\/historia-y-valores\/","og_site_name":"Sucre+","article_modified_time":"2019-11-25T14:58:31+00:00","og_image":[{"url":"https:\/\/sucre.plus\/wp-content\/uploads\/2019\/03\/sucro-pro.jpg","type":"","width":"","height":""}],"twitter_card":"summary_large_image","twitter_misc":{"Tiempo de lectura":"2 minutos"},"schema":{"@context":"https:\/\/schema.org","@graph":[{"@type":"WebPage","@id":"https:\/\/sucre.plus\/es\/historia-y-valores\/","url":"https:\/\/sucre.plus\/es\/historia-y-valores\/","name":"Historia y Valores | Sucre+","isPartOf":{"@id":"https:\/\/sucre.plus\/es\/#website"},"primaryImageOfPage":{"@id":"https:\/\/sucre.plus\/es\/historia-y-valores\/#primaryimage"},"image":{"@id":"https:\/\/sucre.plus\/es\/historia-y-valores\/#primaryimage"},"thumbnailUrl":"https:\/\/sucre.plus\/wp-content\/uploads\/2019\/03\/sucro-pro.jpg","datePublished":"2019-10-16T13:08:12+00:00","dateModified":"2019-11-25T14:58:31+00:00","breadcrumb":{"@id":"https:\/\/sucre.plus\/es\/historia-y-valores\/#breadcrumb"},"inLanguage":"es","potentialAction":[{"@type":"ReadAction","target":["https:\/\/sucre.plus\/es\/historia-y-valores\/"]}]},{"@type":"ImageObject","inLanguage":"es","@id":"https:\/\/sucre.plus\/es\/historia-y-valores\/#primaryimage","url":"https:\/\/sucre.plus\/wp-content\/uploads\/2019\/03\/sucro-pro.jpg","contentUrl":"https:\/\/sucre.plus\/wp-content\/uploads\/2019\/03\/sucro-pro.jpg"},{"@type":"BreadcrumbList","@id":"https:\/\/sucre.plus\/es\/historia-y-valores\/#breadcrumb","itemListElement":[{"@type":"ListItem","position":1,"name":"Accueil","item":"https:\/\/sucre.plus\/es\/"},{"@type":"ListItem","position":2,"name":"Historia y Valores"}]},{"@type":"WebSite","@id":"https:\/\/sucre.plus\/es\/#website","url":"https:\/\/sucre.plus\/es\/","name":"Sucre+","description":"La sucro-culture en plus","potentialAction":[{"@type":"SearchAction","target":{"@type":"EntryPoint","urlTemplate":"https:\/\/sucre.plus\/es\/?s={search_term_string}"},"query-input":{"@type":"PropertyValueSpecification","valueRequired":true,"valueName":"search_term_string"}}],"inLanguage":"es"}]}},"publishpress_future_workflow_manual_trigger":{"enabledWorkflows":[]},"_links":{"self":[{"href":"https:\/\/sucre.plus\/es\/wp-json\/wp\/v2\/pages\/1465","targetHints":{"allow":["GET"]}}],"collection":[{"href":"https:\/\/sucre.plus\/es\/wp-json\/wp\/v2\/pages"}],"about":[{"href":"https:\/\/sucre.plus\/es\/wp-json\/wp\/v2\/types\/page"}],"author":[{"embeddable":true,"href":"https:\/\/sucre.plus\/es\/wp-json\/wp\/v2\/users\/4"}],"replies":[{"embeddable":true,"href":"https:\/\/sucre.plus\/es\/wp-json\/wp\/v2\/comments?post=1465"}],"version-history":[{"count":3,"href":"https:\/\/sucre.plus\/es\/wp-json\/wp\/v2\/pages\/1465\/revisions"}],"predecessor-version":[{"id":1652,"href":"https:\/\/sucre.plus\/es\/wp-json\/wp\/v2\/pages\/1465\/revisions\/1652"}],"wp:attachment":[{"href":"https:\/\/sucre.plus\/es\/wp-json\/wp\/v2\/media?parent=1465"}],"curies":[{"name":"wp","href":"https:\/\/api.w.org\/{rel}","templated":true}]}}