{"id":1462,"date":"2019-10-16T15:08:10","date_gmt":"2019-10-16T13:08:10","guid":{"rendered":"https:\/\/sucre.plus\/?page_id=1462"},"modified":"2019-10-16T15:08:10","modified_gmt":"2019-10-16T13:08:10","slug":"circuitos-cortos-desarrollo-sostenible","status":"publish","type":"page","link":"https:\/\/sucre.plus\/es\/circuitos-cortos-desarrollo-sostenible\/","title":{"rendered":"Circuitos cortos \/ Desarrollo sostenible"},"content":{"rendered":"\n<p class=\"has-text-color has-very-dark-gray-color\"> Gracias a nuestra pol\u00edtica RSE y de Adquisiciones Sostenibles, fomentamos los circuitos cortos\u00a0: de la azucarera al consumidor, evitando los intermediarios et las rupturas de cargas, consumidoras de CO2.<br><br><a href=\"https:\/\/sucre.plus\/wp-content\/uploads\/2019\/03\/FI01-06-Politique-RSE-SA-SD-FL-V1.pdf\"><span style=\"color:#0693e3\" class=\"tadv-color\"><strong>Notre politique RSE<\/strong><\/span><\/a><\/p>\n\n\n\n<p> <strong><span style=\"color:#a30080\" class=\"tadv-color\">\u2295<\/span><\/strong>  Gracias a las auditor\u00edas y a reuniones peri\u00f3dicas, mantenemos una relaci\u00f3n estrecha con el mundo agr\u00edcola y el \u00e1mbito azucarero. <\/p>\n\n\n\n<ul class=\"wp-block-list\"><li><a rel=\"noreferrer noopener\" href=\"http:\/\/quelquessucresplusloin.over-blog.com\/2017\/12\/les-histoires-du-sucre-blond-bio.html\" target=\"_blank\"><strong>Auditor\u00eda en la azucarera de S\u00e3o Francisco<\/strong><\/a><\/li><li> <a href=\"http:\/\/quelquessucresplusloin.over-blog.com\/2017\/10\/les-histoires-du-sucre-roux.html\">Auditor\u00eda en la azucarera de Gardel <\/a><\/li><li><a href=\"http:\/\/quelquessucresplusloin.over-blog.com\/2017\/10\/les-histoires-du-sucre-roux.html\"> Auditor\u00eda en la azucarera de la Isla Mauricio<\/a> <\/li><\/ul>\n\n\n\n<div class=\"wp-block-media-text alignwide\"><figure class=\"wp-block-media-text__media\"><video controls src=\"https:\/\/sucre.plus\/wp-content\/uploads\/2019\/04\/interview-isabelle.mp4\"><\/video><\/figure><div class=\"wp-block-media-text__content\">\n<p class=\"has-medium-font-size\">Entrevista a una colaboradora de la cooperativa Montillo<\/p>\n<\/div><\/div>\n\n\n\n<div class=\"wp-block-media-text alignwide\"><figure class=\"wp-block-media-text__media\"><video controls src=\"https:\/\/sucre.plus\/wp-content\/uploads\/2019\/04\/interview-martinez.mp4\"><\/video><\/figure><div class=\"wp-block-media-text__content\">\n<p class=\"has-medium-font-size\"> Entrevista a un colaborador de la cooperativa Montillo <\/p>\n<\/div><\/div>\n\n\n\n<p><a href=\"http:\/\/quelquessucresplusloin.over-blog.com\/2017\/12\/5a466dca-d3ba.html\">M\u00e1s fotos<\/a><\/p>\n\n\n\n<ul class=\"wp-block-gallery columns-3 is-cropped wp-block-gallery-1 is-layout-flex wp-block-gallery-is-layout-flex\"><li class=\"blocks-gallery-item\"><figure><a href=\"https:\/\/sucre.plus\/wp-content\/uploads\/2019\/03\/hibernia1.jpg\"><img loading=\"lazy\" decoding=\"async\" width=\"1600\" height=\"1200\" src=\"https:\/\/sucre.plus\/wp-content\/uploads\/2019\/03\/hibernia1.jpg\" alt=\"\" data-id=\"447\" class=\"wp-image-447\" srcset=\"https:\/\/sucre.plus\/wp-content\/uploads\/2019\/03\/hibernia1.jpg 1600w, https:\/\/sucre.plus\/wp-content\/uploads\/2019\/03\/hibernia1-300x225.jpg 300w, https:\/\/sucre.plus\/wp-content\/uploads\/2019\/03\/hibernia1-768x576.jpg 768w, https:\/\/sucre.plus\/wp-content\/uploads\/2019\/03\/hibernia1-1024x768.jpg 1024w\" sizes=\"auto, (max-width: 1600px) 100vw, 1600px\" \/><\/a><figcaption>Los responsables de la azucarera Hibernia (Paraguay) <\/figcaption><\/figure><\/li><li class=\"blocks-gallery-item\"><figure><a href=\"https:\/\/sucre.plus\/wp-content\/uploads\/2019\/03\/IMG_5521.jpg\"><img loading=\"lazy\" decoding=\"async\" width=\"1600\" height=\"1200\" src=\"https:\/\/sucre.plus\/wp-content\/uploads\/2019\/03\/IMG_5521.jpg\" alt=\"\" data-id=\"445\" class=\"wp-image-445\" srcset=\"https:\/\/sucre.plus\/wp-content\/uploads\/2019\/03\/IMG_5521.jpg 1600w, https:\/\/sucre.plus\/wp-content\/uploads\/2019\/03\/IMG_5521-300x225.jpg 300w, https:\/\/sucre.plus\/wp-content\/uploads\/2019\/03\/IMG_5521-768x576.jpg 768w, https:\/\/sucre.plus\/wp-content\/uploads\/2019\/03\/IMG_5521-1024x768.jpg 1024w\" sizes=\"auto, (max-width: 1600px) 100vw, 1600px\" \/><\/a><figcaption>Campos de ca\u00f1a ecol\u00f3gica (Paraguay)<\/figcaption><\/figure><\/li><li class=\"blocks-gallery-item\"><figure><a href=\"https:\/\/sucre.plus\/wp-content\/uploads\/2019\/03\/IMG_5358.jpg\"><img loading=\"lazy\" decoding=\"async\" width=\"1600\" height=\"1200\" src=\"https:\/\/sucre.plus\/wp-content\/uploads\/2019\/03\/IMG_5358.jpg\" alt=\"\" data-id=\"443\" class=\"wp-image-443\" srcset=\"https:\/\/sucre.plus\/wp-content\/uploads\/2019\/03\/IMG_5358.jpg 1600w, https:\/\/sucre.plus\/wp-content\/uploads\/2019\/03\/IMG_5358-300x225.jpg 300w, https:\/\/sucre.plus\/wp-content\/uploads\/2019\/03\/IMG_5358-768x576.jpg 768w, https:\/\/sucre.plus\/wp-content\/uploads\/2019\/03\/IMG_5358-1024x768.jpg 1024w\" sizes=\"auto, (max-width: 1600px) 100vw, 1600px\" \/><\/a><figcaption>Intervenci\u00f3n de nuestros equipos en la Asamblea General de las cooperativas de Manduvira (Paraguay) <\/figcaption><\/figure><\/li><li class=\"blocks-gallery-item\"><figure><a href=\"https:\/\/sucre.plus\/wp-content\/uploads\/2019\/03\/guatemala1.jpg\"><img loading=\"lazy\" decoding=\"async\" width=\"3968\" height=\"2976\" src=\"https:\/\/sucre.plus\/wp-content\/uploads\/2019\/03\/guatemala1.jpg\" alt=\"\" data-id=\"449\" class=\"wp-image-449\" srcset=\"https:\/\/sucre.plus\/wp-content\/uploads\/2019\/03\/guatemala1.jpg 3968w, https:\/\/sucre.plus\/wp-content\/uploads\/2019\/03\/guatemala1-300x225.jpg 300w, https:\/\/sucre.plus\/wp-content\/uploads\/2019\/03\/guatemala1-768x576.jpg 768w, https:\/\/sucre.plus\/wp-content\/uploads\/2019\/03\/guatemala1-1024x768.jpg 1024w\" sizes=\"auto, (max-width: 3968px) 100vw, 3968px\" \/><\/a><figcaption>Campos de ca\u00f1a (Nicaragua)<\/figcaption><\/figure><\/li><li class=\"blocks-gallery-item\"><figure><a href=\"https:\/\/sucre.plus\/wp-content\/uploads\/2019\/03\/australie-365-1.jpg\"><img loading=\"lazy\" decoding=\"async\" width=\"2576\" height=\"1920\" src=\"https:\/\/sucre.plus\/wp-content\/uploads\/2019\/03\/australie-365-1.jpg\" alt=\"\" data-id=\"551\" class=\"wp-image-551\" srcset=\"https:\/\/sucre.plus\/wp-content\/uploads\/2019\/03\/australie-365-1.jpg 2576w, https:\/\/sucre.plus\/wp-content\/uploads\/2019\/03\/australie-365-1-300x224.jpg 300w, https:\/\/sucre.plus\/wp-content\/uploads\/2019\/03\/australie-365-1-768x572.jpg 768w, https:\/\/sucre.plus\/wp-content\/uploads\/2019\/03\/australie-365-1-1024x763.jpg 1024w\" sizes=\"auto, (max-width: 2576px) 100vw, 2576px\" \/><\/a><figcaption>Cosecha de la ca\u00f1a en tren (Australia)<\/figcaption><\/figure><\/li><\/ul>\n\n\n\n<figure class=\"wp-block-video alignleft\"><video controls src=\"https:\/\/sucre.plus\/wp-content\/uploads\/2019\/04\/interview-radio-libre-640x480.webm\"><\/video><figcaption><strong>Entrevista de 20 minutos de nuestros equipos en Radio Libre en Paraguay para promover el comercio justo.<\/strong> <\/figcaption><\/figure>\n\n\n\n<p class=\"has-text-color has-very-dark-gray-color\"><strong><span style=\"color:#ac108a\" class=\"tadv-color\">\u2295<\/span> Tenemos una relaci\u00f3n estrecha con azucareras en cada uno de los continentes.<\/strong>.<\/p>\n\n\n\n<figure class=\"wp-block-image is-resized\"><a href=\"https:\/\/sucre.plus\/wp-content\/uploads\/2019\/03\/photos-imports.jpe\"><img loading=\"lazy\" decoding=\"async\" src=\"https:\/\/sucre.plus\/wp-content\/uploads\/2019\/03\/photos-imports-300x171.jpe\" alt=\"\" class=\"wp-image-439\" width=\"360\" height=\"205\" srcset=\"https:\/\/sucre.plus\/wp-content\/uploads\/2019\/03\/photos-imports-300x171.jpe 300w, https:\/\/sucre.plus\/wp-content\/uploads\/2019\/03\/photos-imports-768x437.jpe 768w, https:\/\/sucre.plus\/wp-content\/uploads\/2019\/03\/photos-imports-1024x583.jpe 1024w, https:\/\/sucre.plus\/wp-content\/uploads\/2019\/03\/photos-imports.jpe 1117w\" sizes=\"auto, (max-width: 360px) 100vw, 360px\" \/><\/a><\/figure>\n\n\n\n<p><strong><span style=\"color:#a30080\" class=\"tadv-color\">\u2295<\/span><\/strong> Nuestro grupo es muy activo en lo que respecta la preservaci\u00f3n del medio ambiente gracias al uso de medios de transporte menos contaminantes (trenes de mercanc\u00edas, barco, etc) y de infraestructuras (edificios de energ\u00eda positiva, etc..).<\/p>\n\n\n\n<ul class=\"wp-block-gallery columns-2 is-cropped wp-block-gallery-2 is-layout-flex wp-block-gallery-is-layout-flex\"><li class=\"blocks-gallery-item\"><figure><a href=\"https:\/\/sucre.plus\/wp-content\/uploads\/2019\/03\/IMG_8481.jpg\"><img loading=\"lazy\" decoding=\"async\" width=\"3744\" height=\"2104\" src=\"https:\/\/sucre.plus\/wp-content\/uploads\/2019\/03\/IMG_8481.jpg\" alt=\"\" data-id=\"454\" class=\"wp-image-454\" srcset=\"https:\/\/sucre.plus\/wp-content\/uploads\/2019\/03\/IMG_8481.jpg 3744w, https:\/\/sucre.plus\/wp-content\/uploads\/2019\/03\/IMG_8481-300x169.jpg 300w, https:\/\/sucre.plus\/wp-content\/uploads\/2019\/03\/IMG_8481-768x432.jpg 768w, https:\/\/sucre.plus\/wp-content\/uploads\/2019\/03\/IMG_8481-1024x575.jpg 1024w\" sizes=\"auto, (max-width: 3744px) 100vw, 3744px\" \/><\/a><figcaption>les 10 wagons du groupe<\/figcaption><\/figure><\/li><li class=\"blocks-gallery-item\"><figure><a href=\"https:\/\/sucre.plus\/wp-content\/uploads\/2019\/03\/panneau-photo-voltaique-construction.jpg\"><img loading=\"lazy\" decoding=\"async\" width=\"2048\" height=\"1536\" src=\"https:\/\/sucre.plus\/wp-content\/uploads\/2019\/03\/panneau-photo-voltaique-construction.jpg\" alt=\"\" data-id=\"764\" class=\"wp-image-764\" srcset=\"https:\/\/sucre.plus\/wp-content\/uploads\/2019\/03\/panneau-photo-voltaique-construction.jpg 2048w, https:\/\/sucre.plus\/wp-content\/uploads\/2019\/03\/panneau-photo-voltaique-construction-300x225.jpg 300w, https:\/\/sucre.plus\/wp-content\/uploads\/2019\/03\/panneau-photo-voltaique-construction-768x576.jpg 768w, https:\/\/sucre.plus\/wp-content\/uploads\/2019\/03\/panneau-photo-voltaique-construction-1024x768.jpg 1024w\" sizes=\"auto, (max-width: 2048px) 100vw, 2048px\" \/><\/a><figcaption>Construction des bureaux \u00e0 energie positive (2013)<\/figcaption><\/figure><\/li><\/ul>\n\n\n\n<p><strong><span style=\"color:#a30076\" class=\"tadv-color\">\u2295<\/span> La sacarosa, consumida en exceso, puede ser nociva para la salud. Es nuestro deber sensibilizar a los usuarios con informaci\u00f3n o participando en eventos<\/strong><span style=\"color:#313131\" class=\"tadv-color\">.<\/span><\/p>\n\n\n\n<p><strong><a href=\"http:\/\/www.lesucre.com\/sucre-et-equilibre\/alimentation\/consommation-et-comportement-alimentaire.html\" target=\"_blank\" rel=\"noreferrer noopener\">www.lesucre.com<\/a><\/strong><\/p>\n","protected":false},"excerpt":{"rendered":"<p>Gracias a nuestra pol\u00edtica RSE y de Adquisiciones Sostenibles, fomentamos los circuitos cortos\u00a0: de la azucarera al consumidor, evitando los&#8230;<\/p>\n","protected":false},"author":4,"featured_media":0,"parent":0,"menu_order":3,"comment_status":"closed","ping_status":"closed","template":"","meta":{"_acf_changed":false,"footnotes":""},"class_list":["post-1462","page","type-page","status-publish","hentry"],"acf":[],"yoast_head":"<!-- This site is optimized with the Yoast SEO plugin v25.8 - https:\/\/yoast.com\/wordpress\/plugins\/seo\/ -->\n<title>Circuitos cortos \/ Desarrollo sostenible | Sucre+<\/title>\n<meta name=\"robots\" content=\"index, follow, max-snippet:-1, max-image-preview:large, max-video-preview:-1\" \/>\n<link rel=\"canonical\" href=\"https:\/\/sucre.plus\/es\/circuitos-cortos-desarrollo-sostenible\/\" \/>\n<meta property=\"og:locale\" content=\"es_ES\" \/>\n<meta property=\"og:type\" content=\"article\" \/>\n<meta property=\"og:title\" content=\"Circuitos cortos \/ Desarrollo sostenible | Sucre+\" \/>\n<meta property=\"og:description\" content=\"Gracias a nuestra pol\u00edtica RSE y de Adquisiciones Sostenibles, fomentamos los circuitos cortos\u00a0: de la azucarera al consumidor, evitando los...\" \/>\n<meta property=\"og:url\" content=\"https:\/\/sucre.plus\/es\/circuitos-cortos-desarrollo-sostenible\/\" \/>\n<meta property=\"og:site_name\" content=\"Sucre+\" \/>\n<meta property=\"og:image\" content=\"https:\/\/sucre.plus\/wp-content\/uploads\/2019\/03\/hibernia1.jpg\" \/>\n<meta name=\"twitter:card\" content=\"summary_large_image\" \/>\n<meta name=\"twitter:label1\" content=\"Tiempo de lectura\" \/>\n\t<meta name=\"twitter:data1\" content=\"1 minuto\" \/>\n<script type=\"application\/ld+json\" class=\"yoast-schema-graph\">{\"@context\":\"https:\/\/schema.org\",\"@graph\":[{\"@type\":\"WebPage\",\"@id\":\"https:\/\/sucre.plus\/es\/circuitos-cortos-desarrollo-sostenible\/\",\"url\":\"https:\/\/sucre.plus\/es\/circuitos-cortos-desarrollo-sostenible\/\",\"name\":\"Circuitos cortos \/ Desarrollo sostenible | Sucre+\",\"isPartOf\":{\"@id\":\"https:\/\/sucre.plus\/es\/#website\"},\"primaryImageOfPage\":{\"@id\":\"https:\/\/sucre.plus\/es\/circuitos-cortos-desarrollo-sostenible\/#primaryimage\"},\"image\":{\"@id\":\"https:\/\/sucre.plus\/es\/circuitos-cortos-desarrollo-sostenible\/#primaryimage\"},\"thumbnailUrl\":\"https:\/\/sucre.plus\/wp-content\/uploads\/2019\/03\/hibernia1.jpg\",\"datePublished\":\"2019-10-16T13:08:10+00:00\",\"breadcrumb\":{\"@id\":\"https:\/\/sucre.plus\/es\/circuitos-cortos-desarrollo-sostenible\/#breadcrumb\"},\"inLanguage\":\"es\",\"potentialAction\":[{\"@type\":\"ReadAction\",\"target\":[\"https:\/\/sucre.plus\/es\/circuitos-cortos-desarrollo-sostenible\/\"]}]},{\"@type\":\"ImageObject\",\"inLanguage\":\"es\",\"@id\":\"https:\/\/sucre.plus\/es\/circuitos-cortos-desarrollo-sostenible\/#primaryimage\",\"url\":\"https:\/\/sucre.plus\/wp-content\/uploads\/2019\/03\/hibernia1.jpg\",\"contentUrl\":\"https:\/\/sucre.plus\/wp-content\/uploads\/2019\/03\/hibernia1.jpg\"},{\"@type\":\"BreadcrumbList\",\"@id\":\"https:\/\/sucre.plus\/es\/circuitos-cortos-desarrollo-sostenible\/#breadcrumb\",\"itemListElement\":[{\"@type\":\"ListItem\",\"position\":1,\"name\":\"Accueil\",\"item\":\"https:\/\/sucre.plus\/es\/\"},{\"@type\":\"ListItem\",\"position\":2,\"name\":\"Circuitos cortos \/ Desarrollo sostenible\"}]},{\"@type\":\"WebSite\",\"@id\":\"https:\/\/sucre.plus\/es\/#website\",\"url\":\"https:\/\/sucre.plus\/es\/\",\"name\":\"Sucre+\",\"description\":\"La sucro-culture en plus\",\"potentialAction\":[{\"@type\":\"SearchAction\",\"target\":{\"@type\":\"EntryPoint\",\"urlTemplate\":\"https:\/\/sucre.plus\/es\/?s={search_term_string}\"},\"query-input\":{\"@type\":\"PropertyValueSpecification\",\"valueRequired\":true,\"valueName\":\"search_term_string\"}}],\"inLanguage\":\"es\"}]}<\/script>\n<!-- \/ Yoast SEO plugin. -->","yoast_head_json":{"title":"Circuitos cortos \/ Desarrollo sostenible | Sucre+","robots":{"index":"index","follow":"follow","max-snippet":"max-snippet:-1","max-image-preview":"max-image-preview:large","max-video-preview":"max-video-preview:-1"},"canonical":"https:\/\/sucre.plus\/es\/circuitos-cortos-desarrollo-sostenible\/","og_locale":"es_ES","og_type":"article","og_title":"Circuitos cortos \/ Desarrollo sostenible | Sucre+","og_description":"Gracias a nuestra pol\u00edtica RSE y de Adquisiciones Sostenibles, fomentamos los circuitos cortos\u00a0: de la azucarera al consumidor, evitando los...","og_url":"https:\/\/sucre.plus\/es\/circuitos-cortos-desarrollo-sostenible\/","og_site_name":"Sucre+","og_image":[{"url":"https:\/\/sucre.plus\/wp-content\/uploads\/2019\/03\/hibernia1.jpg","type":"","width":"","height":""}],"twitter_card":"summary_large_image","twitter_misc":{"Tiempo de lectura":"1 minuto"},"schema":{"@context":"https:\/\/schema.org","@graph":[{"@type":"WebPage","@id":"https:\/\/sucre.plus\/es\/circuitos-cortos-desarrollo-sostenible\/","url":"https:\/\/sucre.plus\/es\/circuitos-cortos-desarrollo-sostenible\/","name":"Circuitos cortos \/ Desarrollo sostenible | Sucre+","isPartOf":{"@id":"https:\/\/sucre.plus\/es\/#website"},"primaryImageOfPage":{"@id":"https:\/\/sucre.plus\/es\/circuitos-cortos-desarrollo-sostenible\/#primaryimage"},"image":{"@id":"https:\/\/sucre.plus\/es\/circuitos-cortos-desarrollo-sostenible\/#primaryimage"},"thumbnailUrl":"https:\/\/sucre.plus\/wp-content\/uploads\/2019\/03\/hibernia1.jpg","datePublished":"2019-10-16T13:08:10+00:00","breadcrumb":{"@id":"https:\/\/sucre.plus\/es\/circuitos-cortos-desarrollo-sostenible\/#breadcrumb"},"inLanguage":"es","potentialAction":[{"@type":"ReadAction","target":["https:\/\/sucre.plus\/es\/circuitos-cortos-desarrollo-sostenible\/"]}]},{"@type":"ImageObject","inLanguage":"es","@id":"https:\/\/sucre.plus\/es\/circuitos-cortos-desarrollo-sostenible\/#primaryimage","url":"https:\/\/sucre.plus\/wp-content\/uploads\/2019\/03\/hibernia1.jpg","contentUrl":"https:\/\/sucre.plus\/wp-content\/uploads\/2019\/03\/hibernia1.jpg"},{"@type":"BreadcrumbList","@id":"https:\/\/sucre.plus\/es\/circuitos-cortos-desarrollo-sostenible\/#breadcrumb","itemListElement":[{"@type":"ListItem","position":1,"name":"Accueil","item":"https:\/\/sucre.plus\/es\/"},{"@type":"ListItem","position":2,"name":"Circuitos cortos \/ Desarrollo sostenible"}]},{"@type":"WebSite","@id":"https:\/\/sucre.plus\/es\/#website","url":"https:\/\/sucre.plus\/es\/","name":"Sucre+","description":"La sucro-culture en plus","potentialAction":[{"@type":"SearchAction","target":{"@type":"EntryPoint","urlTemplate":"https:\/\/sucre.plus\/es\/?s={search_term_string}"},"query-input":{"@type":"PropertyValueSpecification","valueRequired":true,"valueName":"search_term_string"}}],"inLanguage":"es"}]}},"publishpress_future_workflow_manual_trigger":{"enabledWorkflows":[]},"_links":{"self":[{"href":"https:\/\/sucre.plus\/es\/wp-json\/wp\/v2\/pages\/1462","targetHints":{"allow":["GET"]}}],"collection":[{"href":"https:\/\/sucre.plus\/es\/wp-json\/wp\/v2\/pages"}],"about":[{"href":"https:\/\/sucre.plus\/es\/wp-json\/wp\/v2\/types\/page"}],"author":[{"embeddable":true,"href":"https:\/\/sucre.plus\/es\/wp-json\/wp\/v2\/users\/4"}],"replies":[{"embeddable":true,"href":"https:\/\/sucre.plus\/es\/wp-json\/wp\/v2\/comments?post=1462"}],"version-history":[{"count":1,"href":"https:\/\/sucre.plus\/es\/wp-json\/wp\/v2\/pages\/1462\/revisions"}],"predecessor-version":[{"id":1495,"href":"https:\/\/sucre.plus\/es\/wp-json\/wp\/v2\/pages\/1462\/revisions\/1495"}],"wp:attachment":[{"href":"https:\/\/sucre.plus\/es\/wp-json\/wp\/v2\/media?parent=1462"}],"curies":[{"name":"wp","href":"https:\/\/api.w.org\/{rel}","templated":true}]}}