{"id":1461,"date":"2019-10-16T15:07:34","date_gmt":"2019-10-16T13:07:34","guid":{"rendered":"https:\/\/sucre.plus\/?page_id=1461"},"modified":"2019-10-16T15:39:30","modified_gmt":"2019-10-16T13:39:30","slug":"short-circuits-sustainable-development","status":"publish","type":"page","link":"https:\/\/sucre.plus\/en\/short-circuits-sustainable-development\/","title":{"rendered":"Short circuits \/ Sustainable Development"},"content":{"rendered":"\n<p class=\"has-text-color has-very-dark-gray-color\"><strong><span style=\"color:#b01b86\" class=\"tadv-color\">\u2295<\/span> <\/strong>Through our CSR policy and our Responsible Purchaising policy, we encourage short circuits: from sugar factory to consumer, by avoiding intermediairies and transloadings (CO<sub>2<\/sub>).<br><a href=\"https:\/\/sucre.plus\/wp-content\/uploads\/2019\/03\/FI01-06-Politique-RSE-SA-SD-FL-V1.pdf\"><strong>CSR<\/strong><\/a><strong> Policy<\/strong><\/p>\n\n\n\n<p> <strong><span style=\"color:#a30080\" class=\"tadv-color\">\u2295<\/span><\/strong>  Thanks to audits and regular meetings, we stay close to the agricultural area and sugar environment. <\/p>\n\n\n\n<ul class=\"wp-block-list\"><li> <a rel=\"noreferrer noopener\" href=\"http:\/\/quelquessucresplusloin.over-blog.com\/2017\/12\/les-histoires-du-sucre-blond-bio.html\" target=\"_blank\"><strong>Audit at sugar factory Sao Francisco<\/strong><\/a> <\/li><li> <a rel=\"noreferrer noopener\" href=\"http:\/\/quelquessucresplusloin.over-blog.com\/2017\/10\/les-histoires-du-sucre-roux.html\" target=\"_blank\"><strong>Audit at sugar factory Gardel<\/strong><\/a> <\/li><li> <a rel=\"noreferrer noopener\" href=\"http:\/\/quelquessucresplusloin.over-blog.com\/2017\/10\/les-histoires-du-sucre-roux.html\" target=\"_blank\"><strong>Audit at sugar factory in Ile Maurice<\/strong><\/a> <\/li><\/ul>\n\n\n\n<div class=\"wp-block-media-text alignwide\"><figure class=\"wp-block-media-text__media\"><video controls src=\"https:\/\/sucre.plus\/wp-content\/uploads\/2019\/04\/interview-isabelle.mp4\"><\/video><\/figure><div class=\"wp-block-media-text__content\">\n<p class=\"has-medium-font-size\">Interview with a co-operator in Montillo<\/p>\n<\/div><\/div>\n\n\n\n<div class=\"wp-block-media-text alignwide\"><figure class=\"wp-block-media-text__media\"><video controls src=\"https:\/\/sucre.plus\/wp-content\/uploads\/2019\/04\/interview-martinez.mp4\"><\/video><\/figure><div class=\"wp-block-media-text__content\">\n<p class=\"has-medium-font-size\">Interview with a co-operator in Montillo<\/p>\n<\/div><\/div>\n\n\n\n<p><a rel=\"noreferrer noopener\" href=\"http:\/\/quelquessucresplusloin.over-blog.com\/2017\/12\/5a466dca-d3ba.html\" target=\"_blank\"><strong>More picutres<\/strong><\/a><\/p>\n\n\n\n<ul class=\"wp-block-gallery columns-3 is-cropped wp-block-gallery-1 is-layout-flex wp-block-gallery-is-layout-flex\"><li class=\"blocks-gallery-item\"><figure><a href=\"https:\/\/sucre.plus\/wp-content\/uploads\/2019\/03\/hibernia1.jpg\"><img loading=\"lazy\" decoding=\"async\" width=\"1600\" height=\"1200\" src=\"https:\/\/sucre.plus\/wp-content\/uploads\/2019\/03\/hibernia1.jpg\" alt=\"\" data-id=\"447\" class=\"wp-image-447\" srcset=\"https:\/\/sucre.plus\/wp-content\/uploads\/2019\/03\/hibernia1.jpg 1600w, https:\/\/sucre.plus\/wp-content\/uploads\/2019\/03\/hibernia1-300x225.jpg 300w, https:\/\/sucre.plus\/wp-content\/uploads\/2019\/03\/hibernia1-768x576.jpg 768w, https:\/\/sucre.plus\/wp-content\/uploads\/2019\/03\/hibernia1-1024x768.jpg 1024w\" sizes=\"auto, (max-width: 1600px) 100vw, 1600px\" \/><\/a><figcaption>Managers of sugar factory in Hibernia (Paraguay)<\/figcaption><\/figure><\/li><li class=\"blocks-gallery-item\"><figure><a href=\"https:\/\/sucre.plus\/wp-content\/uploads\/2019\/03\/IMG_5521.jpg\"><img loading=\"lazy\" decoding=\"async\" width=\"1600\" height=\"1200\" src=\"https:\/\/sucre.plus\/wp-content\/uploads\/2019\/03\/IMG_5521.jpg\" alt=\"\" data-id=\"445\" class=\"wp-image-445\" srcset=\"https:\/\/sucre.plus\/wp-content\/uploads\/2019\/03\/IMG_5521.jpg 1600w, https:\/\/sucre.plus\/wp-content\/uploads\/2019\/03\/IMG_5521-300x225.jpg 300w, https:\/\/sucre.plus\/wp-content\/uploads\/2019\/03\/IMG_5521-768x576.jpg 768w, https:\/\/sucre.plus\/wp-content\/uploads\/2019\/03\/IMG_5521-1024x768.jpg 1024w\" sizes=\"auto, (max-width: 1600px) 100vw, 1600px\" \/><\/a><figcaption>Biological cane sugar fields (Paraguay)<\/figcaption><\/figure><\/li><li class=\"blocks-gallery-item\"><figure><a href=\"https:\/\/sucre.plus\/wp-content\/uploads\/2019\/03\/IMG_5358.jpg\"><img loading=\"lazy\" decoding=\"async\" width=\"1600\" height=\"1200\" src=\"https:\/\/sucre.plus\/wp-content\/uploads\/2019\/03\/IMG_5358.jpg\" alt=\"\" data-id=\"443\" class=\"wp-image-443\" srcset=\"https:\/\/sucre.plus\/wp-content\/uploads\/2019\/03\/IMG_5358.jpg 1600w, https:\/\/sucre.plus\/wp-content\/uploads\/2019\/03\/IMG_5358-300x225.jpg 300w, https:\/\/sucre.plus\/wp-content\/uploads\/2019\/03\/IMG_5358-768x576.jpg 768w, https:\/\/sucre.plus\/wp-content\/uploads\/2019\/03\/IMG_5358-1024x768.jpg 1024w\" sizes=\"auto, (max-width: 1600px) 100vw, 1600px\" \/><\/a><figcaption>Conference at the General Assembly in Manduvira (Paraguay) <\/figcaption><\/figure><\/li><li class=\"blocks-gallery-item\"><figure><a href=\"https:\/\/sucre.plus\/wp-content\/uploads\/2019\/03\/guatemala1.jpg\"><img loading=\"lazy\" decoding=\"async\" width=\"3968\" height=\"2976\" src=\"https:\/\/sucre.plus\/wp-content\/uploads\/2019\/03\/guatemala1.jpg\" alt=\"\" data-id=\"449\" class=\"wp-image-449\" srcset=\"https:\/\/sucre.plus\/wp-content\/uploads\/2019\/03\/guatemala1.jpg 3968w, https:\/\/sucre.plus\/wp-content\/uploads\/2019\/03\/guatemala1-300x225.jpg 300w, https:\/\/sucre.plus\/wp-content\/uploads\/2019\/03\/guatemala1-768x576.jpg 768w, https:\/\/sucre.plus\/wp-content\/uploads\/2019\/03\/guatemala1-1024x768.jpg 1024w\" sizes=\"auto, (max-width: 3968px) 100vw, 3968px\" \/><\/a><figcaption>Cane sugar fields (Nicaragua)<\/figcaption><\/figure><\/li><li class=\"blocks-gallery-item\"><figure><a href=\"https:\/\/sucre.plus\/wp-content\/uploads\/2019\/03\/australie-365-1.jpg\"><img loading=\"lazy\" decoding=\"async\" width=\"2576\" height=\"1920\" src=\"https:\/\/sucre.plus\/wp-content\/uploads\/2019\/03\/australie-365-1.jpg\" alt=\"\" data-id=\"551\" class=\"wp-image-551\" srcset=\"https:\/\/sucre.plus\/wp-content\/uploads\/2019\/03\/australie-365-1.jpg 2576w, https:\/\/sucre.plus\/wp-content\/uploads\/2019\/03\/australie-365-1-300x224.jpg 300w, https:\/\/sucre.plus\/wp-content\/uploads\/2019\/03\/australie-365-1-768x572.jpg 768w, https:\/\/sucre.plus\/wp-content\/uploads\/2019\/03\/australie-365-1-1024x763.jpg 1024w\" sizes=\"auto, (max-width: 2576px) 100vw, 2576px\" \/><\/a><figcaption>Harvest of cane sugar tanks to wagons (Australie)<\/figcaption><\/figure><\/li><\/ul>\n\n\n\n<figure class=\"wp-block-video alignleft\"><video controls src=\"https:\/\/sucre.plus\/wp-content\/uploads\/2019\/04\/interview-radio-libre-640x480.webm\"><\/video><figcaption><strong>Interview de 20 minutes de nos \u00e9quipes \u00e0 Radio Libre au Paraguay pour promouvoir le commerce \u00e9quitable<\/strong> <\/figcaption><\/figure>\n\n\n\n<p class=\"has-text-color has-very-dark-gray-color\"><strong><span style=\"color:#ac108a\" class=\"tadv-color\">\u2295<\/span> \u2295<\/strong>We have set up strong relationships with several sugar factories all around the world.<\/p>\n\n\n\n<figure class=\"wp-block-image is-resized\"><a href=\"https:\/\/sucre.plus\/wp-content\/uploads\/2019\/03\/photos-imports.jpe\"><img loading=\"lazy\" decoding=\"async\" src=\"https:\/\/sucre.plus\/wp-content\/uploads\/2019\/03\/photos-imports-300x171.jpe\" alt=\"\" class=\"wp-image-439\" width=\"360\" height=\"205\" srcset=\"https:\/\/sucre.plus\/wp-content\/uploads\/2019\/03\/photos-imports-300x171.jpe 300w, https:\/\/sucre.plus\/wp-content\/uploads\/2019\/03\/photos-imports-768x437.jpe 768w, https:\/\/sucre.plus\/wp-content\/uploads\/2019\/03\/photos-imports-1024x583.jpe 1024w, https:\/\/sucre.plus\/wp-content\/uploads\/2019\/03\/photos-imports.jpe 1117w\" sizes=\"auto, (max-width: 360px) 100vw, 360px\" \/><\/a><\/figure>\n\n\n\n<p><strong><span style=\"color:#a30080\" class=\"tadv-color\">\u2295<\/span><\/strong>  Our group remains involved in preserving the environment by using cleaner methods of transport (freight by trains, boats, etc\u2026) and working in eco-friendly facilities.  <\/p>\n\n\n\n<ul class=\"wp-block-gallery columns-2 is-cropped wp-block-gallery-2 is-layout-flex wp-block-gallery-is-layout-flex\"><li class=\"blocks-gallery-item\"><figure><a href=\"https:\/\/sucre.plus\/wp-content\/uploads\/2019\/03\/IMG_8481.jpg\"><img loading=\"lazy\" decoding=\"async\" width=\"3744\" height=\"2104\" src=\"https:\/\/sucre.plus\/wp-content\/uploads\/2019\/03\/IMG_8481.jpg\" alt=\"\" data-id=\"454\" class=\"wp-image-454\" srcset=\"https:\/\/sucre.plus\/wp-content\/uploads\/2019\/03\/IMG_8481.jpg 3744w, https:\/\/sucre.plus\/wp-content\/uploads\/2019\/03\/IMG_8481-300x169.jpg 300w, https:\/\/sucre.plus\/wp-content\/uploads\/2019\/03\/IMG_8481-768x432.jpg 768w, https:\/\/sucre.plus\/wp-content\/uploads\/2019\/03\/IMG_8481-1024x575.jpg 1024w\" sizes=\"auto, (max-width: 3744px) 100vw, 3744px\" \/><\/a><figcaption>Our 10 wagons<\/figcaption><\/figure><\/li><li class=\"blocks-gallery-item\"><figure><a href=\"https:\/\/sucre.plus\/wp-content\/uploads\/2019\/03\/panneau-photo-voltaique-construction.jpg\"><img loading=\"lazy\" decoding=\"async\" width=\"2048\" height=\"1536\" src=\"https:\/\/sucre.plus\/wp-content\/uploads\/2019\/03\/panneau-photo-voltaique-construction.jpg\" alt=\"\" data-id=\"764\" class=\"wp-image-764\" srcset=\"https:\/\/sucre.plus\/wp-content\/uploads\/2019\/03\/panneau-photo-voltaique-construction.jpg 2048w, https:\/\/sucre.plus\/wp-content\/uploads\/2019\/03\/panneau-photo-voltaique-construction-300x225.jpg 300w, https:\/\/sucre.plus\/wp-content\/uploads\/2019\/03\/panneau-photo-voltaique-construction-768x576.jpg 768w, https:\/\/sucre.plus\/wp-content\/uploads\/2019\/03\/panneau-photo-voltaique-construction-1024x768.jpg 1024w\" sizes=\"auto, (max-width: 2048px) 100vw, 2048px\" \/><\/a><figcaption>Eco-friendly facilities (2013)<\/figcaption><\/figure><\/li><\/ul>\n\n\n\n<p><strong><span style=\"color:#a30076\" class=\"tadv-color\">\u2295<\/span> <\/strong>We participate at events to inform consumers that consuming abusively, saccharose can have harmful effects on health. <\/p>\n\n\n\n<p><strong><a href=\"http:\/\/www.lesucre.com\/sucre-et-equilibre\/alimentation\/consommation-et-comportement-alimentaire.html\" target=\"_blank\" rel=\"noreferrer noopener\">www.lesucre.com<\/a><\/strong><\/p>\n","protected":false},"excerpt":{"rendered":"<p>\u2295 Through our CSR policy and our Responsible Purchaising policy, we encourage short circuits: from sugar factory to consumer, by&#8230;<\/p>\n","protected":false},"author":4,"featured_media":0,"parent":0,"menu_order":3,"comment_status":"closed","ping_status":"closed","template":"","meta":{"_acf_changed":false,"footnotes":""},"class_list":["post-1461","page","type-page","status-publish","hentry"],"acf":[],"yoast_head":"<!-- This site is optimized with the Yoast SEO plugin v25.8 - https:\/\/yoast.com\/wordpress\/plugins\/seo\/ -->\n<title>Short circuits \/ Sustainable Development | Sucre+<\/title>\n<meta name=\"robots\" content=\"index, follow, max-snippet:-1, max-image-preview:large, max-video-preview:-1\" \/>\n<link rel=\"canonical\" href=\"https:\/\/sucre.plus\/en\/short-circuits-sustainable-development\/\" \/>\n<meta property=\"og:locale\" content=\"en_US\" \/>\n<meta property=\"og:type\" content=\"article\" \/>\n<meta property=\"og:title\" content=\"Short circuits \/ Sustainable Development | Sucre+\" \/>\n<meta property=\"og:description\" content=\"\u2295 Through our CSR policy and our Responsible Purchaising policy, we encourage short circuits: from sugar factory to consumer, by...\" \/>\n<meta property=\"og:url\" content=\"https:\/\/sucre.plus\/en\/short-circuits-sustainable-development\/\" \/>\n<meta property=\"og:site_name\" content=\"Sucre+\" \/>\n<meta property=\"article:modified_time\" content=\"2019-10-16T13:39:30+00:00\" \/>\n<meta property=\"og:image\" content=\"https:\/\/sucre.plus\/wp-content\/uploads\/2019\/03\/hibernia1.jpg\" \/>\n<meta name=\"twitter:card\" content=\"summary_large_image\" \/>\n<meta name=\"twitter:label1\" content=\"Est. reading time\" \/>\n\t<meta name=\"twitter:data1\" content=\"1 minute\" \/>\n<script type=\"application\/ld+json\" class=\"yoast-schema-graph\">{\"@context\":\"https:\/\/schema.org\",\"@graph\":[{\"@type\":\"WebPage\",\"@id\":\"https:\/\/sucre.plus\/en\/short-circuits-sustainable-development\/\",\"url\":\"https:\/\/sucre.plus\/en\/short-circuits-sustainable-development\/\",\"name\":\"Short circuits \/ Sustainable Development | Sucre+\",\"isPartOf\":{\"@id\":\"https:\/\/sucre.plus\/en\/#website\"},\"primaryImageOfPage\":{\"@id\":\"https:\/\/sucre.plus\/en\/short-circuits-sustainable-development\/#primaryimage\"},\"image\":{\"@id\":\"https:\/\/sucre.plus\/en\/short-circuits-sustainable-development\/#primaryimage\"},\"thumbnailUrl\":\"https:\/\/sucre.plus\/wp-content\/uploads\/2019\/03\/hibernia1.jpg\",\"datePublished\":\"2019-10-16T13:07:34+00:00\",\"dateModified\":\"2019-10-16T13:39:30+00:00\",\"breadcrumb\":{\"@id\":\"https:\/\/sucre.plus\/en\/short-circuits-sustainable-development\/#breadcrumb\"},\"inLanguage\":\"en-US\",\"potentialAction\":[{\"@type\":\"ReadAction\",\"target\":[\"https:\/\/sucre.plus\/en\/short-circuits-sustainable-development\/\"]}]},{\"@type\":\"ImageObject\",\"inLanguage\":\"en-US\",\"@id\":\"https:\/\/sucre.plus\/en\/short-circuits-sustainable-development\/#primaryimage\",\"url\":\"https:\/\/sucre.plus\/wp-content\/uploads\/2019\/03\/hibernia1.jpg\",\"contentUrl\":\"https:\/\/sucre.plus\/wp-content\/uploads\/2019\/03\/hibernia1.jpg\"},{\"@type\":\"BreadcrumbList\",\"@id\":\"https:\/\/sucre.plus\/en\/short-circuits-sustainable-development\/#breadcrumb\",\"itemListElement\":[{\"@type\":\"ListItem\",\"position\":1,\"name\":\"Accueil\",\"item\":\"https:\/\/sucre.plus\/en\/\"},{\"@type\":\"ListItem\",\"position\":2,\"name\":\"Short circuits \/ Sustainable Development\"}]},{\"@type\":\"WebSite\",\"@id\":\"https:\/\/sucre.plus\/en\/#website\",\"url\":\"https:\/\/sucre.plus\/en\/\",\"name\":\"Sucre+\",\"description\":\"La sucro-culture en plus\",\"potentialAction\":[{\"@type\":\"SearchAction\",\"target\":{\"@type\":\"EntryPoint\",\"urlTemplate\":\"https:\/\/sucre.plus\/en\/?s={search_term_string}\"},\"query-input\":{\"@type\":\"PropertyValueSpecification\",\"valueRequired\":true,\"valueName\":\"search_term_string\"}}],\"inLanguage\":\"en-US\"}]}<\/script>\n<!-- \/ Yoast SEO plugin. -->","yoast_head_json":{"title":"Short circuits \/ Sustainable Development | Sucre+","robots":{"index":"index","follow":"follow","max-snippet":"max-snippet:-1","max-image-preview":"max-image-preview:large","max-video-preview":"max-video-preview:-1"},"canonical":"https:\/\/sucre.plus\/en\/short-circuits-sustainable-development\/","og_locale":"en_US","og_type":"article","og_title":"Short circuits \/ Sustainable Development | Sucre+","og_description":"\u2295 Through our CSR policy and our Responsible Purchaising policy, we encourage short circuits: from sugar factory to consumer, by...","og_url":"https:\/\/sucre.plus\/en\/short-circuits-sustainable-development\/","og_site_name":"Sucre+","article_modified_time":"2019-10-16T13:39:30+00:00","og_image":[{"url":"https:\/\/sucre.plus\/wp-content\/uploads\/2019\/03\/hibernia1.jpg","type":"","width":"","height":""}],"twitter_card":"summary_large_image","twitter_misc":{"Est. reading time":"1 minute"},"schema":{"@context":"https:\/\/schema.org","@graph":[{"@type":"WebPage","@id":"https:\/\/sucre.plus\/en\/short-circuits-sustainable-development\/","url":"https:\/\/sucre.plus\/en\/short-circuits-sustainable-development\/","name":"Short circuits \/ Sustainable Development | Sucre+","isPartOf":{"@id":"https:\/\/sucre.plus\/en\/#website"},"primaryImageOfPage":{"@id":"https:\/\/sucre.plus\/en\/short-circuits-sustainable-development\/#primaryimage"},"image":{"@id":"https:\/\/sucre.plus\/en\/short-circuits-sustainable-development\/#primaryimage"},"thumbnailUrl":"https:\/\/sucre.plus\/wp-content\/uploads\/2019\/03\/hibernia1.jpg","datePublished":"2019-10-16T13:07:34+00:00","dateModified":"2019-10-16T13:39:30+00:00","breadcrumb":{"@id":"https:\/\/sucre.plus\/en\/short-circuits-sustainable-development\/#breadcrumb"},"inLanguage":"en-US","potentialAction":[{"@type":"ReadAction","target":["https:\/\/sucre.plus\/en\/short-circuits-sustainable-development\/"]}]},{"@type":"ImageObject","inLanguage":"en-US","@id":"https:\/\/sucre.plus\/en\/short-circuits-sustainable-development\/#primaryimage","url":"https:\/\/sucre.plus\/wp-content\/uploads\/2019\/03\/hibernia1.jpg","contentUrl":"https:\/\/sucre.plus\/wp-content\/uploads\/2019\/03\/hibernia1.jpg"},{"@type":"BreadcrumbList","@id":"https:\/\/sucre.plus\/en\/short-circuits-sustainable-development\/#breadcrumb","itemListElement":[{"@type":"ListItem","position":1,"name":"Accueil","item":"https:\/\/sucre.plus\/en\/"},{"@type":"ListItem","position":2,"name":"Short circuits \/ Sustainable Development"}]},{"@type":"WebSite","@id":"https:\/\/sucre.plus\/en\/#website","url":"https:\/\/sucre.plus\/en\/","name":"Sucre+","description":"La sucro-culture en plus","potentialAction":[{"@type":"SearchAction","target":{"@type":"EntryPoint","urlTemplate":"https:\/\/sucre.plus\/en\/?s={search_term_string}"},"query-input":{"@type":"PropertyValueSpecification","valueRequired":true,"valueName":"search_term_string"}}],"inLanguage":"en-US"}]}},"publishpress_future_workflow_manual_trigger":{"enabledWorkflows":[]},"_links":{"self":[{"href":"https:\/\/sucre.plus\/en\/wp-json\/wp\/v2\/pages\/1461","targetHints":{"allow":["GET"]}}],"collection":[{"href":"https:\/\/sucre.plus\/en\/wp-json\/wp\/v2\/pages"}],"about":[{"href":"https:\/\/sucre.plus\/en\/wp-json\/wp\/v2\/types\/page"}],"author":[{"embeddable":true,"href":"https:\/\/sucre.plus\/en\/wp-json\/wp\/v2\/users\/4"}],"replies":[{"embeddable":true,"href":"https:\/\/sucre.plus\/en\/wp-json\/wp\/v2\/comments?post=1461"}],"version-history":[{"count":3,"href":"https:\/\/sucre.plus\/en\/wp-json\/wp\/v2\/pages\/1461\/revisions"}],"predecessor-version":[{"id":1497,"href":"https:\/\/sucre.plus\/en\/wp-json\/wp\/v2\/pages\/1461\/revisions\/1497"}],"wp:attachment":[{"href":"https:\/\/sucre.plus\/en\/wp-json\/wp\/v2\/media?parent=1461"}],"curies":[{"name":"wp","href":"https:\/\/api.w.org\/{rel}","templated":true}]}}